{"id":5105,"date":"2026-03-01T01:06:13","date_gmt":"2026-03-01T00:06:13","guid":{"rendered":"http:\/\/198.46.190.232\/mypara\/?product=apothica-sun-huile-dete-bronzante-melanin-booster-spf-10-100ml"},"modified":"2026-03-01T01:06:13","modified_gmt":"2026-03-01T00:06:13","slug":"apothica-sun-huile-dete-bronzante-melanin-booster-spf-10-100ml","status":"publish","type":"product","link":"http:\/\/www.yespara.tn\/?product=apothica-sun-huile-dete-bronzante-melanin-booster-spf-10-100ml","title":{"rendered":"APOTHICA SUN Huile d\u2019\u00e9t\u00e9 Bronzante Melanin Booster SPF 10 100ml"},"content":{"rendered":"","protected":false},"excerpt":{"rendered":"<p>\ud83c\udf1e Favorise un bronzage rapide, dor\u00e9 et uniforme \ud83d\udee1\ufe0f SPF 10 : Protection l\u00e9g\u00e8re contre les UVB \ud83d\udca7 Hydrate et nourrit la peau en profondeur \ud83c\udf3f Prot\u00e8ge contre le dess\u00e8chement li\u00e9 au soleil, sel et vent \u2728 Apporte un \u00e9clat naturel et lumineux \u00e0 la peau \ud83e\uddd8 Texture s\u00e8che et non collante \u2013 id\u00e9al pour les journ\u00e9es ensoleill\u00e9es<\/p>\n","protected":false},"featured_media":4685,"comment_status":"open","ping_status":"closed","template":"","meta":[],"product_brand":[],"product_cat":[3329],"product_tag":[],"class_list":{"0":"post-5105","1":"product","2":"type-product","3":"status-publish","4":"has-post-thumbnail","6":"product_cat-apothica","8":"first","9":"instock","10":"sale","11":"taxable","12":"shipping-taxable","13":"purchasable","14":"product-type-simple"},"_links":{"self":[{"href":"http:\/\/www.yespara.tn\/index.php?rest_route=\/wp\/v2\/product\/5105","targetHints":{"allow":["GET"]}}],"collection":[{"href":"http:\/\/www.yespara.tn\/index.php?rest_route=\/wp\/v2\/product"}],"about":[{"href":"http:\/\/www.yespara.tn\/index.php?rest_route=\/wp\/v2\/types\/product"}],"replies":[{"embeddable":true,"href":"http:\/\/www.yespara.tn\/index.php?rest_route=%2Fwp%2Fv2%2Fcomments&post=5105"}],"wp:featuredmedia":[{"embeddable":true,"href":"http:\/\/www.yespara.tn\/index.php?rest_route=\/wp\/v2\/media\/4685"}],"wp:attachment":[{"href":"http:\/\/www.yespara.tn\/index.php?rest_route=%2Fwp%2Fv2%2Fmedia&parent=5105"}],"wp:term":[{"taxonomy":"product_brand","embeddable":true,"href":"http:\/\/www.yespara.tn\/index.php?rest_route=%2Fwp%2Fv2%2Fproduct_brand&post=5105"},{"taxonomy":"product_cat","embeddable":true,"href":"http:\/\/www.yespara.tn\/index.php?rest_route=%2Fwp%2Fv2%2Fproduct_cat&post=5105"},{"taxonomy":"product_tag","embeddable":true,"href":"http:\/\/www.yespara.tn\/index.php?rest_route=%2Fwp%2Fv2%2Fproduct_tag&post=5105"}],"curies":[{"name":"wp","href":"https:\/\/api.w.org\/{rel}","templated":true}]}}