{"id":5096,"date":"2026-03-01T01:06:11","date_gmt":"2026-03-01T00:06:11","guid":{"rendered":"http:\/\/198.46.190.232\/mypara\/?product=svr-pack-sun-secure-lait-svr-creme-sebiaclear-spf50-30"},"modified":"2026-03-01T01:06:11","modified_gmt":"2026-03-01T00:06:11","slug":"svr-pack-sun-secure-lait-svr-creme-sebiaclear-spf50-30","status":"publish","type":"product","link":"http:\/\/www.yespara.tn\/?product=svr-pack-sun-secure-lait-svr-creme-sebiaclear-spf50-30","title":{"rendered":"SVR PACK SUN SECURE Lait + svr Creme sebiaclear SPF50+ (-30%)"},"content":{"rendered":"","protected":false},"excerpt":{"rendered":"<p>\u2705 Protection solaire SPF50+ large spectre \u2705 Duo corps + visage adapt\u00e9 aux peaux mixtes \u00e0 grasses \u2705 Formules haute tol\u00e9rance, non com\u00e9dog\u00e8nes \u2705 R\u00e9sistants \u00e0 l\u2019eau et \u00e0 la transpiration \u2705 Offre \u00e9conomique : -30% sur le pack<\/p>\n","protected":false},"featured_media":4662,"comment_status":"open","ping_status":"closed","template":"","meta":[],"product_brand":[],"product_cat":[3325],"product_tag":[],"class_list":{"0":"post-5096","1":"product","2":"type-product","3":"status-publish","4":"has-post-thumbnail","6":"product_cat-svr-soins-solaires-packs-solaires","8":"first","9":"instock","10":"sale","11":"taxable","12":"shipping-taxable","13":"purchasable","14":"product-type-simple"},"_links":{"self":[{"href":"http:\/\/www.yespara.tn\/index.php?rest_route=\/wp\/v2\/product\/5096","targetHints":{"allow":["GET"]}}],"collection":[{"href":"http:\/\/www.yespara.tn\/index.php?rest_route=\/wp\/v2\/product"}],"about":[{"href":"http:\/\/www.yespara.tn\/index.php?rest_route=\/wp\/v2\/types\/product"}],"replies":[{"embeddable":true,"href":"http:\/\/www.yespara.tn\/index.php?rest_route=%2Fwp%2Fv2%2Fcomments&post=5096"}],"wp:featuredmedia":[{"embeddable":true,"href":"http:\/\/www.yespara.tn\/index.php?rest_route=\/wp\/v2\/media\/4662"}],"wp:attachment":[{"href":"http:\/\/www.yespara.tn\/index.php?rest_route=%2Fwp%2Fv2%2Fmedia&parent=5096"}],"wp:term":[{"taxonomy":"product_brand","embeddable":true,"href":"http:\/\/www.yespara.tn\/index.php?rest_route=%2Fwp%2Fv2%2Fproduct_brand&post=5096"},{"taxonomy":"product_cat","embeddable":true,"href":"http:\/\/www.yespara.tn\/index.php?rest_route=%2Fwp%2Fv2%2Fproduct_cat&post=5096"},{"taxonomy":"product_tag","embeddable":true,"href":"http:\/\/www.yespara.tn\/index.php?rest_route=%2Fwp%2Fv2%2Fproduct_tag&post=5096"}],"curies":[{"name":"wp","href":"https:\/\/api.w.org\/{rel}","templated":true}]}}