{"id":5086,"date":"2026-03-01T01:06:09","date_gmt":"2026-03-01T00:06:09","guid":{"rendered":"http:\/\/198.46.190.232\/mypara\/?product=svr-sun-secure-blur-spf50-50ml-30-sur-2eme"},"modified":"2026-03-01T01:06:09","modified_gmt":"2026-03-01T00:06:09","slug":"svr-sun-secure-blur-spf50-50ml-30-sur-2eme","status":"publish","type":"product","link":"http:\/\/www.yespara.tn\/?product=svr-sun-secure-blur-spf50-50ml-30-sur-2eme","title":{"rendered":"SVR SUN SECURE Blur spf50+ 50ml \u2013 30% sur 2eme"},"content":{"rendered":"","protected":false},"excerpt":{"rendered":"<p>\ud83d\udd25 OFFRE EXCEPTIONNELLE 30% de r\u00e9duction sur la 2\u00e8me cr\u00e8me Livraison GRATUITE d\u00e8s 99DT \ud83d\ude9a\ud83d\udca8<\/p>\n","protected":false},"featured_media":4642,"comment_status":"open","ping_status":"closed","template":"","meta":[],"product_brand":[],"product_cat":[3325],"product_tag":[],"class_list":{"0":"post-5086","1":"product","2":"type-product","3":"status-publish","4":"has-post-thumbnail","6":"product_cat-svr-soins-solaires-packs-solaires","8":"first","9":"instock","10":"sale","11":"taxable","12":"shipping-taxable","13":"purchasable","14":"product-type-simple"},"_links":{"self":[{"href":"http:\/\/www.yespara.tn\/index.php?rest_route=\/wp\/v2\/product\/5086","targetHints":{"allow":["GET"]}}],"collection":[{"href":"http:\/\/www.yespara.tn\/index.php?rest_route=\/wp\/v2\/product"}],"about":[{"href":"http:\/\/www.yespara.tn\/index.php?rest_route=\/wp\/v2\/types\/product"}],"replies":[{"embeddable":true,"href":"http:\/\/www.yespara.tn\/index.php?rest_route=%2Fwp%2Fv2%2Fcomments&post=5086"}],"wp:featuredmedia":[{"embeddable":true,"href":"http:\/\/www.yespara.tn\/index.php?rest_route=\/wp\/v2\/media\/4642"}],"wp:attachment":[{"href":"http:\/\/www.yespara.tn\/index.php?rest_route=%2Fwp%2Fv2%2Fmedia&parent=5086"}],"wp:term":[{"taxonomy":"product_brand","embeddable":true,"href":"http:\/\/www.yespara.tn\/index.php?rest_route=%2Fwp%2Fv2%2Fproduct_brand&post=5086"},{"taxonomy":"product_cat","embeddable":true,"href":"http:\/\/www.yespara.tn\/index.php?rest_route=%2Fwp%2Fv2%2Fproduct_cat&post=5086"},{"taxonomy":"product_tag","embeddable":true,"href":"http:\/\/www.yespara.tn\/index.php?rest_route=%2Fwp%2Fv2%2Fproduct_tag&post=5086"}],"curies":[{"name":"wp","href":"https:\/\/api.w.org\/{rel}","templated":true}]}}