{"id":5078,"date":"2026-03-01T01:06:06","date_gmt":"2026-03-01T00:06:06","guid":{"rendered":"http:\/\/198.46.190.232\/mypara\/?product=roncey-biosun-ecran-invisible-spf50-50ml"},"modified":"2026-03-01T01:06:06","modified_gmt":"2026-03-01T00:06:06","slug":"roncey-biosun-ecran-invisible-spf50-50ml","status":"publish","type":"product","link":"http:\/\/www.yespara.tn\/?product=roncey-biosun-ecran-invisible-spf50-50ml","title":{"rendered":"RONCEY BIOSUN ECRAN INVISIBLE SPF50+ 50ML"},"content":{"rendered":"","protected":false},"excerpt":{"rendered":"<p>\u2600\ufe0f Haute protection : Prot\u00e8ge efficacement contre les UVA &#038; UVB. \u2728 Invisible : Texture l\u00e9g\u00e8re qui ne laisse pas de traces blanches. \ud83d\udca7 Hydratant : Maintient la peau douce et confortable. \ud83c\udf3f Adapt\u00e9 \u00e0 tous les types de peau : Convient m\u00eame aux peaux sensibles.<\/p>\n","protected":false},"featured_media":4625,"comment_status":"open","ping_status":"closed","template":"","meta":[],"product_brand":[],"product_cat":[3322],"product_tag":[],"class_list":{"0":"post-5078","1":"product","2":"type-product","3":"status-publish","4":"has-post-thumbnail","6":"product_cat-roncey-soins-solaires-cremes-solaires","8":"first","9":"instock","10":"sale","11":"taxable","12":"shipping-taxable","13":"purchasable","14":"product-type-simple"},"_links":{"self":[{"href":"http:\/\/www.yespara.tn\/index.php?rest_route=\/wp\/v2\/product\/5078","targetHints":{"allow":["GET"]}}],"collection":[{"href":"http:\/\/www.yespara.tn\/index.php?rest_route=\/wp\/v2\/product"}],"about":[{"href":"http:\/\/www.yespara.tn\/index.php?rest_route=\/wp\/v2\/types\/product"}],"replies":[{"embeddable":true,"href":"http:\/\/www.yespara.tn\/index.php?rest_route=%2Fwp%2Fv2%2Fcomments&post=5078"}],"wp:featuredmedia":[{"embeddable":true,"href":"http:\/\/www.yespara.tn\/index.php?rest_route=\/wp\/v2\/media\/4625"}],"wp:attachment":[{"href":"http:\/\/www.yespara.tn\/index.php?rest_route=%2Fwp%2Fv2%2Fmedia&parent=5078"}],"wp:term":[{"taxonomy":"product_brand","embeddable":true,"href":"http:\/\/www.yespara.tn\/index.php?rest_route=%2Fwp%2Fv2%2Fproduct_brand&post=5078"},{"taxonomy":"product_cat","embeddable":true,"href":"http:\/\/www.yespara.tn\/index.php?rest_route=%2Fwp%2Fv2%2Fproduct_cat&post=5078"},{"taxonomy":"product_tag","embeddable":true,"href":"http:\/\/www.yespara.tn\/index.php?rest_route=%2Fwp%2Fv2%2Fproduct_tag&post=5078"}],"curies":[{"name":"wp","href":"https:\/\/api.w.org\/{rel}","templated":true}]}}