{"id":5077,"date":"2026-03-01T01:06:06","date_gmt":"2026-03-01T00:06:06","guid":{"rendered":"http:\/\/198.46.190.232\/mypara\/?product=protege-biosun-ecran-teinte-spf50-50ml"},"modified":"2026-03-01T01:06:06","modified_gmt":"2026-03-01T00:06:06","slug":"protege-biosun-ecran-teinte-spf50-50ml","status":"publish","type":"product","link":"http:\/\/www.yespara.tn\/?product=protege-biosun-ecran-teinte-spf50-50ml","title":{"rendered":"PROTEGE+ BIOSUN \u00c9CRAN TEINT\u00c9 SPF50+ 50ML"},"content":{"rendered":"","protected":false},"excerpt":{"rendered":"<p>\u2600\ufe0f Protection maximale : Bouclier efficace contre les UVA &#038; UVB. \ud83c\udfa8 Teinte naturelle : Unifie le teint tout en donnant un effet bonne mine. \ud83d\udca7 Hydratation : Garde la peau souple et confortable toute la journ\u00e9e. \ud83c\udf3f Convient \u00e0 tous types de peau : Id\u00e9al m\u00eame pour les peaux sensibles.<\/p>\n","protected":false},"featured_media":4623,"comment_status":"open","ping_status":"closed","template":"","meta":[],"product_brand":[],"product_cat":[3322],"product_tag":[],"class_list":{"0":"post-5077","1":"product","2":"type-product","3":"status-publish","4":"has-post-thumbnail","6":"product_cat-roncey-soins-solaires-cremes-solaires","8":"first","9":"instock","10":"sale","11":"taxable","12":"shipping-taxable","13":"purchasable","14":"product-type-simple"},"_links":{"self":[{"href":"http:\/\/www.yespara.tn\/index.php?rest_route=\/wp\/v2\/product\/5077","targetHints":{"allow":["GET"]}}],"collection":[{"href":"http:\/\/www.yespara.tn\/index.php?rest_route=\/wp\/v2\/product"}],"about":[{"href":"http:\/\/www.yespara.tn\/index.php?rest_route=\/wp\/v2\/types\/product"}],"replies":[{"embeddable":true,"href":"http:\/\/www.yespara.tn\/index.php?rest_route=%2Fwp%2Fv2%2Fcomments&post=5077"}],"wp:featuredmedia":[{"embeddable":true,"href":"http:\/\/www.yespara.tn\/index.php?rest_route=\/wp\/v2\/media\/4623"}],"wp:attachment":[{"href":"http:\/\/www.yespara.tn\/index.php?rest_route=%2Fwp%2Fv2%2Fmedia&parent=5077"}],"wp:term":[{"taxonomy":"product_brand","embeddable":true,"href":"http:\/\/www.yespara.tn\/index.php?rest_route=%2Fwp%2Fv2%2Fproduct_brand&post=5077"},{"taxonomy":"product_cat","embeddable":true,"href":"http:\/\/www.yespara.tn\/index.php?rest_route=%2Fwp%2Fv2%2Fproduct_cat&post=5077"},{"taxonomy":"product_tag","embeddable":true,"href":"http:\/\/www.yespara.tn\/index.php?rest_route=%2Fwp%2Fv2%2Fproduct_tag&post=5077"}],"curies":[{"name":"wp","href":"https:\/\/api.w.org\/{rel}","templated":true}]}}