{"id":5076,"date":"2026-03-01T01:06:06","date_gmt":"2026-03-01T00:06:06","guid":{"rendered":"http:\/\/198.46.190.232\/mypara\/?product=roncey-ecran-sunshield-waterproof-peau-mixte-spf50-invisible-50ml"},"modified":"2026-03-01T01:06:06","modified_gmt":"2026-03-01T00:06:06","slug":"roncey-ecran-sunshield-waterproof-peau-mixte-spf50-invisible-50ml","status":"publish","type":"product","link":"http:\/\/www.yespara.tn\/?product=roncey-ecran-sunshield-waterproof-peau-mixte-spf50-invisible-50ml","title":{"rendered":"RONCEY ECRAN SUNSHIELD WATERPROOF PEAU MIXTE SPF50+ INVISIBLE 50ML"},"content":{"rendered":"","protected":false},"excerpt":{"rendered":"<p>\u2600\ufe0f Protection solaire optimale : Prot\u00e8ge efficacement contre les UVA &#038; UVB. \ud83d\udca7 R\u00e9sistant \u00e0 l\u2019eau : Parfait pour la plage, piscine ou sport. \u2728 Invisible &#038; l\u00e9ger : Ne laisse pas de traces blanches sur la peau. \ud83c\udf3f Formul\u00e9 pour peaux mixtes : \u00c9quilibre zones s\u00e8ches et zones grasses.<\/p>\n","protected":false},"featured_media":4621,"comment_status":"open","ping_status":"closed","template":"","meta":[],"product_brand":[],"product_cat":[3322],"product_tag":[],"class_list":{"0":"post-5076","1":"product","2":"type-product","3":"status-publish","4":"has-post-thumbnail","6":"product_cat-roncey-soins-solaires-cremes-solaires","8":"first","9":"instock","10":"sale","11":"taxable","12":"shipping-taxable","13":"purchasable","14":"product-type-simple"},"_links":{"self":[{"href":"http:\/\/www.yespara.tn\/index.php?rest_route=\/wp\/v2\/product\/5076","targetHints":{"allow":["GET"]}}],"collection":[{"href":"http:\/\/www.yespara.tn\/index.php?rest_route=\/wp\/v2\/product"}],"about":[{"href":"http:\/\/www.yespara.tn\/index.php?rest_route=\/wp\/v2\/types\/product"}],"replies":[{"embeddable":true,"href":"http:\/\/www.yespara.tn\/index.php?rest_route=%2Fwp%2Fv2%2Fcomments&post=5076"}],"wp:featuredmedia":[{"embeddable":true,"href":"http:\/\/www.yespara.tn\/index.php?rest_route=\/wp\/v2\/media\/4621"}],"wp:attachment":[{"href":"http:\/\/www.yespara.tn\/index.php?rest_route=%2Fwp%2Fv2%2Fmedia&parent=5076"}],"wp:term":[{"taxonomy":"product_brand","embeddable":true,"href":"http:\/\/www.yespara.tn\/index.php?rest_route=%2Fwp%2Fv2%2Fproduct_brand&post=5076"},{"taxonomy":"product_cat","embeddable":true,"href":"http:\/\/www.yespara.tn\/index.php?rest_route=%2Fwp%2Fv2%2Fproduct_cat&post=5076"},{"taxonomy":"product_tag","embeddable":true,"href":"http:\/\/www.yespara.tn\/index.php?rest_route=%2Fwp%2Fv2%2Fproduct_tag&post=5076"}],"curies":[{"name":"wp","href":"https:\/\/api.w.org\/{rel}","templated":true}]}}