{"id":5068,"date":"2026-03-01T01:06:04","date_gmt":"2026-03-01T00:06:04","guid":{"rendered":"http:\/\/198.46.190.232\/mypara\/?product=roncey-ecran-sunshield-waterproof-peau-seche-spf50-teinte-02-50ml"},"modified":"2026-03-01T01:06:04","modified_gmt":"2026-03-01T00:06:04","slug":"roncey-ecran-sunshield-waterproof-peau-seche-spf50-teinte-02-50ml","status":"publish","type":"product","link":"http:\/\/www.yespara.tn\/?product=roncey-ecran-sunshield-waterproof-peau-seche-spf50-teinte-02-50ml","title":{"rendered":"RONCEY ECRAN SUNSHIELD WATERPROOF PEAU S\u00c8CHE SPF50+ TEINTE 02 50ML"},"content":{"rendered":"","protected":false},"excerpt":{"rendered":"<p>\u2600\ufe0f Protection solaire maximale : Prot\u00e8ge efficacement contre les UVA &#038; UVB. \ud83c\udfa8 Teint\u00e9 naturel : Unifie le teint et apporte un effet bonne mine. \ud83d\udca7 Hydratant &#038; nourrissant : Maintient la peau douce et confortable. \ud83c\udf3f Formul\u00e9 pour peaux s\u00e8ches : Apaise et prot\u00e8ge les zones sensibles.<\/p>\n","protected":false},"featured_media":4605,"comment_status":"open","ping_status":"closed","template":"","meta":[],"product_brand":[],"product_cat":[3322],"product_tag":[],"class_list":{"0":"post-5068","1":"product","2":"type-product","3":"status-publish","4":"has-post-thumbnail","6":"product_cat-roncey-soins-solaires-cremes-solaires","8":"first","9":"instock","10":"sale","11":"taxable","12":"shipping-taxable","13":"purchasable","14":"product-type-simple"},"_links":{"self":[{"href":"http:\/\/www.yespara.tn\/index.php?rest_route=\/wp\/v2\/product\/5068","targetHints":{"allow":["GET"]}}],"collection":[{"href":"http:\/\/www.yespara.tn\/index.php?rest_route=\/wp\/v2\/product"}],"about":[{"href":"http:\/\/www.yespara.tn\/index.php?rest_route=\/wp\/v2\/types\/product"}],"replies":[{"embeddable":true,"href":"http:\/\/www.yespara.tn\/index.php?rest_route=%2Fwp%2Fv2%2Fcomments&post=5068"}],"wp:featuredmedia":[{"embeddable":true,"href":"http:\/\/www.yespara.tn\/index.php?rest_route=\/wp\/v2\/media\/4605"}],"wp:attachment":[{"href":"http:\/\/www.yespara.tn\/index.php?rest_route=%2Fwp%2Fv2%2Fmedia&parent=5068"}],"wp:term":[{"taxonomy":"product_brand","embeddable":true,"href":"http:\/\/www.yespara.tn\/index.php?rest_route=%2Fwp%2Fv2%2Fproduct_brand&post=5068"},{"taxonomy":"product_cat","embeddable":true,"href":"http:\/\/www.yespara.tn\/index.php?rest_route=%2Fwp%2Fv2%2Fproduct_cat&post=5068"},{"taxonomy":"product_tag","embeddable":true,"href":"http:\/\/www.yespara.tn\/index.php?rest_route=%2Fwp%2Fv2%2Fproduct_tag&post=5068"}],"curies":[{"name":"wp","href":"https:\/\/api.w.org\/{rel}","templated":true}]}}