{"id":5066,"date":"2026-03-01T01:06:04","date_gmt":"2026-03-01T00:06:04","guid":{"rendered":"http:\/\/198.46.190.232\/mypara\/?product=alania-coffret-neroli-beaute-solaire"},"modified":"2026-03-01T01:06:04","modified_gmt":"2026-03-01T00:06:04","slug":"alania-coffret-neroli-beaute-solaire","status":"publish","type":"product","link":"http:\/\/www.yespara.tn\/?product=alania-coffret-neroli-beaute-solaire","title":{"rendered":"ALANIA COFFRET NEROLI BEAUTE SOLAIRE"},"content":{"rendered":"","protected":false},"excerpt":{"rendered":"<p>\u2600\ufe0f ALANIA Huile Bronzante N\u00e9roli 150ml \u2013 nourrit la peau, sublime le bronzage et laisse un fini satin\u00e9. \u2728 ALANIA Huile S\u00e8che Paillet\u00e9e 60ml \u2013 illumine la peau et les cheveux d\u2019un \u00e9clat dor\u00e9 d\u00e9licat. \ud83d\udc8d Un bijou offert \u2013 pour sublimer votre look estival avec \u00e9l\u00e9gance.<\/p>\n","protected":false},"featured_media":4600,"comment_status":"open","ping_status":"closed","template":"","meta":[],"product_brand":[],"product_cat":[3321],"product_tag":[],"class_list":{"0":"post-5066","1":"product","2":"type-product","3":"status-publish","4":"has-post-thumbnail","6":"product_cat-alania-soins-solaires-packs-solaires","8":"first","9":"instock","10":"sale","11":"taxable","12":"shipping-taxable","13":"purchasable","14":"product-type-simple"},"_links":{"self":[{"href":"http:\/\/www.yespara.tn\/index.php?rest_route=\/wp\/v2\/product\/5066","targetHints":{"allow":["GET"]}}],"collection":[{"href":"http:\/\/www.yespara.tn\/index.php?rest_route=\/wp\/v2\/product"}],"about":[{"href":"http:\/\/www.yespara.tn\/index.php?rest_route=\/wp\/v2\/types\/product"}],"replies":[{"embeddable":true,"href":"http:\/\/www.yespara.tn\/index.php?rest_route=%2Fwp%2Fv2%2Fcomments&post=5066"}],"wp:featuredmedia":[{"embeddable":true,"href":"http:\/\/www.yespara.tn\/index.php?rest_route=\/wp\/v2\/media\/4600"}],"wp:attachment":[{"href":"http:\/\/www.yespara.tn\/index.php?rest_route=%2Fwp%2Fv2%2Fmedia&parent=5066"}],"wp:term":[{"taxonomy":"product_brand","embeddable":true,"href":"http:\/\/www.yespara.tn\/index.php?rest_route=%2Fwp%2Fv2%2Fproduct_brand&post=5066"},{"taxonomy":"product_cat","embeddable":true,"href":"http:\/\/www.yespara.tn\/index.php?rest_route=%2Fwp%2Fv2%2Fproduct_cat&post=5066"},{"taxonomy":"product_tag","embeddable":true,"href":"http:\/\/www.yespara.tn\/index.php?rest_route=%2Fwp%2Fv2%2Fproduct_tag&post=5066"}],"curies":[{"name":"wp","href":"https:\/\/api.w.org\/{rel}","templated":true}]}}