{"id":5065,"date":"2026-03-01T01:06:04","date_gmt":"2026-03-01T00:06:04","guid":{"rendered":"http:\/\/198.46.190.232\/mypara\/?product=alania-coffret-monoi-beaute-solaire"},"modified":"2026-03-01T01:06:04","modified_gmt":"2026-03-01T00:06:04","slug":"alania-coffret-monoi-beaute-solaire","status":"publish","type":"product","link":"http:\/\/www.yespara.tn\/?product=alania-coffret-monoi-beaute-solaire","title":{"rendered":"ALANIA COFFRET MONOI BEAUTE SOLAIRE"},"content":{"rendered":"","protected":false},"excerpt":{"rendered":"<p>\u2600\ufe0f ALANIA Huile Bronzante Mono\u00ef 150ml \u2013 nourrit, prot\u00e8ge et sublime le bronzage tout en laissant la peau douce et satin\u00e9e. \u2728 ALANIA Huile S\u00e8che Paillet\u00e9e 60ml \u2013 illumine la peau et les cheveux d\u2019un voile dor\u00e9 scintillant. \ud83d\udc8e Bijou offert \u2013 une attention raffin\u00e9e pour compl\u00e9ter votre rituel beaut\u00e9 solaire.<\/p>\n","protected":false},"featured_media":4597,"comment_status":"open","ping_status":"closed","template":"","meta":[],"product_brand":[],"product_cat":[3321],"product_tag":[],"class_list":{"0":"post-5065","1":"product","2":"type-product","3":"status-publish","4":"has-post-thumbnail","6":"product_cat-alania-soins-solaires-packs-solaires","8":"first","9":"instock","10":"sale","11":"taxable","12":"shipping-taxable","13":"purchasable","14":"product-type-simple"},"_links":{"self":[{"href":"http:\/\/www.yespara.tn\/index.php?rest_route=\/wp\/v2\/product\/5065","targetHints":{"allow":["GET"]}}],"collection":[{"href":"http:\/\/www.yespara.tn\/index.php?rest_route=\/wp\/v2\/product"}],"about":[{"href":"http:\/\/www.yespara.tn\/index.php?rest_route=\/wp\/v2\/types\/product"}],"replies":[{"embeddable":true,"href":"http:\/\/www.yespara.tn\/index.php?rest_route=%2Fwp%2Fv2%2Fcomments&post=5065"}],"wp:featuredmedia":[{"embeddable":true,"href":"http:\/\/www.yespara.tn\/index.php?rest_route=\/wp\/v2\/media\/4597"}],"wp:attachment":[{"href":"http:\/\/www.yespara.tn\/index.php?rest_route=%2Fwp%2Fv2%2Fmedia&parent=5065"}],"wp:term":[{"taxonomy":"product_brand","embeddable":true,"href":"http:\/\/www.yespara.tn\/index.php?rest_route=%2Fwp%2Fv2%2Fproduct_brand&post=5065"},{"taxonomy":"product_cat","embeddable":true,"href":"http:\/\/www.yespara.tn\/index.php?rest_route=%2Fwp%2Fv2%2Fproduct_cat&post=5065"},{"taxonomy":"product_tag","embeddable":true,"href":"http:\/\/www.yespara.tn\/index.php?rest_route=%2Fwp%2Fv2%2Fproduct_tag&post=5065"}],"curies":[{"name":"wp","href":"https:\/\/api.w.org\/{rel}","templated":true}]}}