{"id":5062,"date":"2026-03-01T01:06:03","date_gmt":"2026-03-01T00:06:03","guid":{"rendered":"http:\/\/198.46.190.232\/mypara\/?product=narcisse-gold-ecran-solaire-invisible-spf50-50ml"},"modified":"2026-03-04T00:49:00","modified_gmt":"2026-03-03T23:49:00","slug":"narcisse-gold-ecran-solaire-invisible-spf50-50ml","status":"publish","type":"product","link":"http:\/\/www.yespara.tn\/?product=narcisse-gold-ecran-solaire-invisible-spf50-50ml","title":{"rendered":"NARCISSE GOLD ECRAN SOLAIRE INVISIBLE SPF50+ 50ML"},"content":{"rendered":"","protected":false},"excerpt":{"rendered":"<p>\u2705 Protection SPF50+ contre les UVA\/UVB \u2600\ufe0f \u2705 Texture invisible et non grasse \ud83c\udf3f \u2705 Hydrate et prot\u00e8ge la peau \ud83d\udca7 \u2705 Pr\u00e9serve l\u2019\u00e9lasticit\u00e9 et lutte contre le vieillissement cutan\u00e9 \u2705 Convient \u00e0 tous types de peau<\/p>\n","protected":false},"featured_media":4591,"comment_status":"open","ping_status":"closed","template":"","meta":[],"product_brand":[],"product_cat":[3316],"product_tag":[],"class_list":{"0":"post-5062","1":"product","2":"type-product","3":"status-publish","4":"has-post-thumbnail","6":"product_cat-dermoxen-soins-solaires-cremes-solaires","8":"first","9":"outofstock","10":"sale","11":"taxable","12":"shipping-taxable","13":"purchasable","14":"product-type-simple"},"_links":{"self":[{"href":"http:\/\/www.yespara.tn\/index.php?rest_route=\/wp\/v2\/product\/5062","targetHints":{"allow":["GET"]}}],"collection":[{"href":"http:\/\/www.yespara.tn\/index.php?rest_route=\/wp\/v2\/product"}],"about":[{"href":"http:\/\/www.yespara.tn\/index.php?rest_route=\/wp\/v2\/types\/product"}],"replies":[{"embeddable":true,"href":"http:\/\/www.yespara.tn\/index.php?rest_route=%2Fwp%2Fv2%2Fcomments&post=5062"}],"wp:featuredmedia":[{"embeddable":true,"href":"http:\/\/www.yespara.tn\/index.php?rest_route=\/wp\/v2\/media\/4591"}],"wp:attachment":[{"href":"http:\/\/www.yespara.tn\/index.php?rest_route=%2Fwp%2Fv2%2Fmedia&parent=5062"}],"wp:term":[{"taxonomy":"product_brand","embeddable":true,"href":"http:\/\/www.yespara.tn\/index.php?rest_route=%2Fwp%2Fv2%2Fproduct_brand&post=5062"},{"taxonomy":"product_cat","embeddable":true,"href":"http:\/\/www.yespara.tn\/index.php?rest_route=%2Fwp%2Fv2%2Fproduct_cat&post=5062"},{"taxonomy":"product_tag","embeddable":true,"href":"http:\/\/www.yespara.tn\/index.php?rest_route=%2Fwp%2Fv2%2Fproduct_tag&post=5062"}],"curies":[{"name":"wp","href":"https:\/\/api.w.org\/{rel}","templated":true}]}}