{"id":5061,"date":"2026-03-01T01:06:03","date_gmt":"2026-03-01T00:06:03","guid":{"rendered":"http:\/\/198.46.190.232\/mypara\/?product=hyfac-sun-protection-solaire-teintee-spf50-40ml"},"modified":"2026-03-01T01:06:03","modified_gmt":"2026-03-01T00:06:03","slug":"hyfac-sun-protection-solaire-teintee-spf50-40ml","status":"publish","type":"product","link":"http:\/\/www.yespara.tn\/?product=hyfac-sun-protection-solaire-teintee-spf50-40ml","title":{"rendered":"HYFAC SUN PROTECTION SOLAIRE TEINTEE SPF50 40ML"},"content":{"rendered":"","protected":false},"excerpt":{"rendered":"<p>\u2705 Protection tr\u00e8s haute SPF50 contre UVA\/UVB \u2600\ufe0f \u2705 Teinte naturelle pour un teint \u00e9clatant et uniforme \ud83c\udf38 \u2705 Matifie et r\u00e9duit la brillance \ud83d\udca7 \u2705 Non com\u00e9dog\u00e8ne et adapt\u00e9e aux peaux sensibles ou acn\u00e9iques \u2705 R\u00e9siste \u00e0 l\u2019eau et \u00e0 la transpiration<\/p>\n","protected":false},"featured_media":4589,"comment_status":"open","ping_status":"closed","template":"","meta":[],"product_brand":[],"product_cat":[3315],"product_tag":[],"class_list":{"0":"post-5061","1":"product","2":"type-product","3":"status-publish","4":"has-post-thumbnail","6":"product_cat-hyfac-soins-solaires-cremes-solaires","8":"first","9":"instock","10":"sale","11":"taxable","12":"shipping-taxable","13":"purchasable","14":"product-type-simple"},"_links":{"self":[{"href":"http:\/\/www.yespara.tn\/index.php?rest_route=\/wp\/v2\/product\/5061","targetHints":{"allow":["GET"]}}],"collection":[{"href":"http:\/\/www.yespara.tn\/index.php?rest_route=\/wp\/v2\/product"}],"about":[{"href":"http:\/\/www.yespara.tn\/index.php?rest_route=\/wp\/v2\/types\/product"}],"replies":[{"embeddable":true,"href":"http:\/\/www.yespara.tn\/index.php?rest_route=%2Fwp%2Fv2%2Fcomments&post=5061"}],"wp:featuredmedia":[{"embeddable":true,"href":"http:\/\/www.yespara.tn\/index.php?rest_route=\/wp\/v2\/media\/4589"}],"wp:attachment":[{"href":"http:\/\/www.yespara.tn\/index.php?rest_route=%2Fwp%2Fv2%2Fmedia&parent=5061"}],"wp:term":[{"taxonomy":"product_brand","embeddable":true,"href":"http:\/\/www.yespara.tn\/index.php?rest_route=%2Fwp%2Fv2%2Fproduct_brand&post=5061"},{"taxonomy":"product_cat","embeddable":true,"href":"http:\/\/www.yespara.tn\/index.php?rest_route=%2Fwp%2Fv2%2Fproduct_cat&post=5061"},{"taxonomy":"product_tag","embeddable":true,"href":"http:\/\/www.yespara.tn\/index.php?rest_route=%2Fwp%2Fv2%2Fproduct_tag&post=5061"}],"curies":[{"name":"wp","href":"https:\/\/api.w.org\/{rel}","templated":true}]}}