{"id":5056,"date":"2026-03-01T01:06:01","date_gmt":"2026-03-01T00:06:01","guid":{"rendered":"http:\/\/198.46.190.232\/mypara\/?product=vacation-sun-screen-lotion-spg-50-120-ml"},"modified":"2026-03-01T01:06:01","modified_gmt":"2026-03-01T00:06:01","slug":"vacation-sun-screen-lotion-spg-50-120-ml","status":"publish","type":"product","link":"http:\/\/www.yespara.tn\/?product=vacation-sun-screen-lotion-spg-50-120-ml","title":{"rendered":"VACATION SUN SCREEN LOTION SPG 50 120 ML"},"content":{"rendered":"","protected":false},"excerpt":{"rendered":"<p>Prot\u00e9gez votre peau efficacement contre les effets nocifs du soleil avec Vacation Sun Screen Lotion SPF 50 \u2013 120 ml , une lotion solaire haute protection id\u00e9ale pour toute la famille. Gr\u00e2ce \u00e0 son indice SPF 50 , elle offre une barri\u00e8re puissante contre les rayons UVA et UVB responsables du vieillissement cutan\u00e9, des taches et des coups de soleil.<\/p>\n","protected":false},"featured_media":4573,"comment_status":"open","ping_status":"closed","template":"","meta":[],"product_brand":[],"product_cat":[3308],"product_tag":[],"class_list":{"0":"post-5056","1":"product","2":"type-product","3":"status-publish","4":"has-post-thumbnail","6":"product_cat-vacation-soins-solaires-cremes-solaires","8":"first","9":"instock","10":"sale","11":"taxable","12":"shipping-taxable","13":"purchasable","14":"product-type-simple"},"_links":{"self":[{"href":"http:\/\/www.yespara.tn\/index.php?rest_route=\/wp\/v2\/product\/5056","targetHints":{"allow":["GET"]}}],"collection":[{"href":"http:\/\/www.yespara.tn\/index.php?rest_route=\/wp\/v2\/product"}],"about":[{"href":"http:\/\/www.yespara.tn\/index.php?rest_route=\/wp\/v2\/types\/product"}],"replies":[{"embeddable":true,"href":"http:\/\/www.yespara.tn\/index.php?rest_route=%2Fwp%2Fv2%2Fcomments&post=5056"}],"wp:featuredmedia":[{"embeddable":true,"href":"http:\/\/www.yespara.tn\/index.php?rest_route=\/wp\/v2\/media\/4573"}],"wp:attachment":[{"href":"http:\/\/www.yespara.tn\/index.php?rest_route=%2Fwp%2Fv2%2Fmedia&parent=5056"}],"wp:term":[{"taxonomy":"product_brand","embeddable":true,"href":"http:\/\/www.yespara.tn\/index.php?rest_route=%2Fwp%2Fv2%2Fproduct_brand&post=5056"},{"taxonomy":"product_cat","embeddable":true,"href":"http:\/\/www.yespara.tn\/index.php?rest_route=%2Fwp%2Fv2%2Fproduct_cat&post=5056"},{"taxonomy":"product_tag","embeddable":true,"href":"http:\/\/www.yespara.tn\/index.php?rest_route=%2Fwp%2Fv2%2Fproduct_tag&post=5056"}],"curies":[{"name":"wp","href":"https:\/\/api.w.org\/{rel}","templated":true}]}}