{"id":5052,"date":"2026-03-01T01:06:00","date_gmt":"2026-03-01T00:06:00","guid":{"rendered":"http:\/\/198.46.190.232\/mypara\/?product=lirene-bb-cream-spf-50-01-natural-30ml"},"modified":"2026-03-04T13:30:40","modified_gmt":"2026-03-04T12:30:40","slug":"lirene-bb-cream-spf-50-01-natural-30ml","status":"publish","type":"product","link":"http:\/\/www.yespara.tn\/?product=lirene-bb-cream-spf-50-01-natural-30ml","title":{"rendered":"LIRENE BB CREAM SPF 50 (01) NATURAL 30ML"},"content":{"rendered":"","protected":false},"excerpt":{"rendered":"<p>La BB Cream LIRENE SPF 50 Teinte 01 Natural est un soin perfecteur tout-en-un qui unifie le teint, hydrate la peau et la prot\u00e8ge efficacement contre les rayons UVA et UVB. Sa formule l\u00e9g\u00e8re et fondante offre une couvrance naturelle qui floute les imperfections tout en laissant la peau respirer. Le r\u00e9sultat est un teint frais, lumineux et homog\u00e8ne sans effet masque.<\/p>\n","protected":false},"featured_media":5051,"comment_status":"open","ping_status":"closed","template":"","meta":[],"product_brand":[],"product_cat":[3304],"product_tag":[],"class_list":{"0":"post-5052","1":"product","2":"type-product","3":"status-publish","4":"has-post-thumbnail","6":"product_cat-lirene-dermo-program-soins-solaires-cremes-solaires-creme-solaire-teintee","8":"first","9":"instock","10":"sale","11":"taxable","12":"shipping-taxable","13":"purchasable","14":"product-type-simple"},"_links":{"self":[{"href":"http:\/\/www.yespara.tn\/index.php?rest_route=\/wp\/v2\/product\/5052","targetHints":{"allow":["GET"]}}],"collection":[{"href":"http:\/\/www.yespara.tn\/index.php?rest_route=\/wp\/v2\/product"}],"about":[{"href":"http:\/\/www.yespara.tn\/index.php?rest_route=\/wp\/v2\/types\/product"}],"replies":[{"embeddable":true,"href":"http:\/\/www.yespara.tn\/index.php?rest_route=%2Fwp%2Fv2%2Fcomments&post=5052"}],"wp:featuredmedia":[{"embeddable":true,"href":"http:\/\/www.yespara.tn\/index.php?rest_route=\/wp\/v2\/media\/5051"}],"wp:attachment":[{"href":"http:\/\/www.yespara.tn\/index.php?rest_route=%2Fwp%2Fv2%2Fmedia&parent=5052"}],"wp:term":[{"taxonomy":"product_brand","embeddable":true,"href":"http:\/\/www.yespara.tn\/index.php?rest_route=%2Fwp%2Fv2%2Fproduct_brand&post=5052"},{"taxonomy":"product_cat","embeddable":true,"href":"http:\/\/www.yespara.tn\/index.php?rest_route=%2Fwp%2Fv2%2Fproduct_cat&post=5052"},{"taxonomy":"product_tag","embeddable":true,"href":"http:\/\/www.yespara.tn\/index.php?rest_route=%2Fwp%2Fv2%2Fproduct_tag&post=5052"}],"curies":[{"name":"wp","href":"https:\/\/api.w.org\/{rel}","templated":true}]}}