{"id":5049,"date":"2026-03-01T01:05:58","date_gmt":"2026-03-01T00:05:58","guid":{"rendered":"http:\/\/198.46.190.232\/mypara\/?product=isdin-fusion-water-magic-glow-spf50-50ml"},"modified":"2026-03-01T01:05:58","modified_gmt":"2026-03-01T00:05:58","slug":"isdin-fusion-water-magic-glow-spf50-50ml","status":"publish","type":"product","link":"http:\/\/www.yespara.tn\/?product=isdin-fusion-water-magic-glow-spf50-50ml","title":{"rendered":"ISDIN FUSION WATER MAGIC GLOW SPF50 50ML"},"content":{"rendered":"","protected":false},"excerpt":{"rendered":"<p>ISDIN Fusion Water Magic Glow SPF50 est une cr\u00e8me solaire visage innovante qui combine protection solaire haute performance et effet illuminateur . Sa texture l\u00e9g\u00e8re et aquafusion p\u00e9n\u00e8tre rapidement, laissant la peau douce, hydrat\u00e9e et \u00e9clatante.<\/p>\n","protected":false},"featured_media":4548,"comment_status":"open","ping_status":"closed","template":"","meta":[],"product_brand":[],"product_cat":[3303],"product_tag":[],"class_list":{"0":"post-5049","1":"product","2":"type-product","3":"status-publish","4":"has-post-thumbnail","6":"product_cat-isdin-soins-solaires-cremes-solaires","8":"first","9":"instock","10":"sale","11":"taxable","12":"shipping-taxable","13":"purchasable","14":"product-type-simple"},"_links":{"self":[{"href":"http:\/\/www.yespara.tn\/index.php?rest_route=\/wp\/v2\/product\/5049","targetHints":{"allow":["GET"]}}],"collection":[{"href":"http:\/\/www.yespara.tn\/index.php?rest_route=\/wp\/v2\/product"}],"about":[{"href":"http:\/\/www.yespara.tn\/index.php?rest_route=\/wp\/v2\/types\/product"}],"replies":[{"embeddable":true,"href":"http:\/\/www.yespara.tn\/index.php?rest_route=%2Fwp%2Fv2%2Fcomments&post=5049"}],"wp:featuredmedia":[{"embeddable":true,"href":"http:\/\/www.yespara.tn\/index.php?rest_route=\/wp\/v2\/media\/4548"}],"wp:attachment":[{"href":"http:\/\/www.yespara.tn\/index.php?rest_route=%2Fwp%2Fv2%2Fmedia&parent=5049"}],"wp:term":[{"taxonomy":"product_brand","embeddable":true,"href":"http:\/\/www.yespara.tn\/index.php?rest_route=%2Fwp%2Fv2%2Fproduct_brand&post=5049"},{"taxonomy":"product_cat","embeddable":true,"href":"http:\/\/www.yespara.tn\/index.php?rest_route=%2Fwp%2Fv2%2Fproduct_cat&post=5049"},{"taxonomy":"product_tag","embeddable":true,"href":"http:\/\/www.yespara.tn\/index.php?rest_route=%2Fwp%2Fv2%2Fproduct_tag&post=5049"}],"curies":[{"name":"wp","href":"https:\/\/api.w.org\/{rel}","templated":true}]}}