{"id":5048,"date":"2026-03-01T01:05:57","date_gmt":"2026-03-01T00:05:57","guid":{"rendered":"http:\/\/198.46.190.232\/mypara\/?product=esthelle-claryteint-cr-eclaircis-beige-50ml"},"modified":"2026-03-01T01:05:58","modified_gmt":"2026-03-01T00:05:58","slug":"esthelle-claryteint-cr-eclaircis-beige-50ml","status":"publish","type":"product","link":"http:\/\/www.yespara.tn\/?product=esthelle-claryteint-cr-eclaircis-beige-50ml","title":{"rendered":"ESTH\u2019ELLE CLARYTEINT CR ECLAIRCIS BEIGE 50ML"},"content":{"rendered":"","protected":false},"excerpt":{"rendered":"<p>La ESTH\u2019ELLE CLARYTEINT Cr\u00e8me \u00c9claircissante Beige est un soin perfecteur sp\u00e9cialement formul\u00e9 pour unifier le teint , corriger les irr\u00e9gularit\u00e9s pigmentaires et apporter un effet bonne mine imm\u00e9diat.<\/p>\n","protected":false},"featured_media":4541,"comment_status":"open","ping_status":"closed","template":"","meta":[],"product_brand":[],"product_cat":[3302],"product_tag":[],"class_list":{"0":"post-5048","1":"product","2":"type-product","3":"status-publish","4":"has-post-thumbnail","6":"product_cat-esthelle-soins-solaires-cremes-solaires-creme-solaire-teintee","8":"first","9":"instock","10":"sale","11":"taxable","12":"shipping-taxable","13":"purchasable","14":"product-type-simple"},"_links":{"self":[{"href":"http:\/\/www.yespara.tn\/index.php?rest_route=\/wp\/v2\/product\/5048","targetHints":{"allow":["GET"]}}],"collection":[{"href":"http:\/\/www.yespara.tn\/index.php?rest_route=\/wp\/v2\/product"}],"about":[{"href":"http:\/\/www.yespara.tn\/index.php?rest_route=\/wp\/v2\/types\/product"}],"replies":[{"embeddable":true,"href":"http:\/\/www.yespara.tn\/index.php?rest_route=%2Fwp%2Fv2%2Fcomments&post=5048"}],"wp:featuredmedia":[{"embeddable":true,"href":"http:\/\/www.yespara.tn\/index.php?rest_route=\/wp\/v2\/media\/4541"}],"wp:attachment":[{"href":"http:\/\/www.yespara.tn\/index.php?rest_route=%2Fwp%2Fv2%2Fmedia&parent=5048"}],"wp:term":[{"taxonomy":"product_brand","embeddable":true,"href":"http:\/\/www.yespara.tn\/index.php?rest_route=%2Fwp%2Fv2%2Fproduct_brand&post=5048"},{"taxonomy":"product_cat","embeddable":true,"href":"http:\/\/www.yespara.tn\/index.php?rest_route=%2Fwp%2Fv2%2Fproduct_cat&post=5048"},{"taxonomy":"product_tag","embeddable":true,"href":"http:\/\/www.yespara.tn\/index.php?rest_route=%2Fwp%2Fv2%2Fproduct_tag&post=5048"}],"curies":[{"name":"wp","href":"https:\/\/api.w.org\/{rel}","templated":true}]}}