{"id":4538,"date":"2026-02-28T11:28:00","date_gmt":"2026-02-28T10:28:00","guid":{"rendered":"http:\/\/198.46.190.232\/mypara\/?product=svr-cicavit-gel-moussant-200ml-2"},"modified":"2026-02-28T11:28:00","modified_gmt":"2026-02-28T10:28:00","slug":"svr-cicavit-gel-moussant-200ml-2","status":"publish","type":"product","link":"http:\/\/www.yespara.tn\/?product=svr-cicavit-gel-moussant-200ml-2","title":{"rendered":"SVR Cicavit+ gel moussant 200ml"},"content":{"rendered":"","protected":false},"excerpt":{"rendered":"<p>\ud83c\udf3f SVR CICAVIT+ GEL MOUSSANT \u2013 Nettoyant doux pour peaux irrit\u00e9es &#038; fragilis\u00e9es \ud83d\udebf\u2728 \ud83d\udca7 Pourquoi l\u2019adopter ? \u2714 Nettoie en douceur les zones fragilis\u00e9es sans agresser \ud83d\udee1\ufe0f \u2714 Pr\u00e9serve l\u2019\u00e9quilibre du film hydrolipidique \ud83d\udca6 \u2714 Respecte les d\u00e9fenses naturelles de la peau \u2714 R\u00e9duit les agressions ext\u00e9rieures pour une cicatrisation optimis\u00e9e \ud83d\udd2c<\/p>\n","protected":false},"featured_media":4537,"comment_status":"open","ping_status":"closed","template":"","meta":[],"product_brand":[],"product_cat":[2128,2409],"product_tag":[],"class_list":{"0":"post-4538","1":"product","2":"type-product","3":"status-publish","4":"has-post-thumbnail","6":"product_cat-demaquillants","7":"product_cat-svr-soins-visage-gels-nettoyants","9":"first","10":"instock","11":"taxable","12":"shipping-taxable","13":"product-type-simple"},"_links":{"self":[{"href":"http:\/\/www.yespara.tn\/index.php?rest_route=\/wp\/v2\/product\/4538","targetHints":{"allow":["GET"]}}],"collection":[{"href":"http:\/\/www.yespara.tn\/index.php?rest_route=\/wp\/v2\/product"}],"about":[{"href":"http:\/\/www.yespara.tn\/index.php?rest_route=\/wp\/v2\/types\/product"}],"replies":[{"embeddable":true,"href":"http:\/\/www.yespara.tn\/index.php?rest_route=%2Fwp%2Fv2%2Fcomments&post=4538"}],"wp:featuredmedia":[{"embeddable":true,"href":"http:\/\/www.yespara.tn\/index.php?rest_route=\/wp\/v2\/media\/4537"}],"wp:attachment":[{"href":"http:\/\/www.yespara.tn\/index.php?rest_route=%2Fwp%2Fv2%2Fmedia&parent=4538"}],"wp:term":[{"taxonomy":"product_brand","embeddable":true,"href":"http:\/\/www.yespara.tn\/index.php?rest_route=%2Fwp%2Fv2%2Fproduct_brand&post=4538"},{"taxonomy":"product_cat","embeddable":true,"href":"http:\/\/www.yespara.tn\/index.php?rest_route=%2Fwp%2Fv2%2Fproduct_cat&post=4538"},{"taxonomy":"product_tag","embeddable":true,"href":"http:\/\/www.yespara.tn\/index.php?rest_route=%2Fwp%2Fv2%2Fproduct_tag&post=4538"}],"curies":[{"name":"wp","href":"https:\/\/api.w.org\/{rel}","templated":true}]}}