{"id":4508,"date":"2026-02-28T11:27:38","date_gmt":"2026-02-28T10:27:38","guid":{"rendered":"http:\/\/198.46.190.232\/mypara\/?product=alania-purete-vitamine-c-eau-tonique-150ml"},"modified":"2026-02-28T12:45:01","modified_gmt":"2026-02-28T11:45:01","slug":"alania-purete-vitamine-c-eau-tonique-150ml","status":"publish","type":"product","link":"http:\/\/www.yespara.tn\/?product=alania-purete-vitamine-c-eau-tonique-150ml","title":{"rendered":"ALANIA Puret\u00e9 +Vitamine C EAU TONIQUE  150ml"},"content":{"rendered":"","protected":false},"excerpt":{"rendered":"<p>\ud83d\udca6 ALANIA PURET\u00c9+ VITAMINE C \u2013 Eau Tonique (Brume Hydratante) \ud83c\udf1f \u2728 Un \u00e9clat instantan\u00e9 pour une peau fra\u00eeche &#038; tonifi\u00e9e ! \ud83d\udd39 Bienfaits \ud83c\udf1f : \u2705 Rafra\u00eechit, hydrate &#038; purifie la peau \ud83d\udca6 \u2705 Antioxydant puissant : prot\u00e8ge contre les agressions ext\u00e9rieures \ud83d\udee1\ufe0f \u2705 Unifie le teint &#038; r\u00e9duit les taches pigmentaires \ud83c\udf1f \u2705 Boosteur d\u2019\u00e9clat &#038; de collag\u00e8ne \u2728 \u2705 Pr\u00e9pare la peau &#038; fixe le maquillage \ud83d\udc84 \ud83d\udd39 Composition \ud83c\udffa :<\/p>\n","protected":false},"featured_media":4507,"comment_status":"open","ping_status":"closed","template":"","meta":[],"product_brand":[],"product_cat":[3287,2128,2170],"product_tag":[],"class_list":{"0":"post-4508","1":"product","2":"type-product","3":"status-publish","4":"has-post-thumbnail","6":"product_cat-alania-soins-visage-lotion","7":"product_cat-demaquillants","8":"product_cat-eau-tonique","10":"first","11":"instock","12":"sale","13":"taxable","14":"shipping-taxable","15":"purchasable","16":"product-type-simple"},"_links":{"self":[{"href":"http:\/\/www.yespara.tn\/index.php?rest_route=\/wp\/v2\/product\/4508","targetHints":{"allow":["GET"]}}],"collection":[{"href":"http:\/\/www.yespara.tn\/index.php?rest_route=\/wp\/v2\/product"}],"about":[{"href":"http:\/\/www.yespara.tn\/index.php?rest_route=\/wp\/v2\/types\/product"}],"replies":[{"embeddable":true,"href":"http:\/\/www.yespara.tn\/index.php?rest_route=%2Fwp%2Fv2%2Fcomments&post=4508"}],"wp:featuredmedia":[{"embeddable":true,"href":"http:\/\/www.yespara.tn\/index.php?rest_route=\/wp\/v2\/media\/4507"}],"wp:attachment":[{"href":"http:\/\/www.yespara.tn\/index.php?rest_route=%2Fwp%2Fv2%2Fmedia&parent=4508"}],"wp:term":[{"taxonomy":"product_brand","embeddable":true,"href":"http:\/\/www.yespara.tn\/index.php?rest_route=%2Fwp%2Fv2%2Fproduct_brand&post=4508"},{"taxonomy":"product_cat","embeddable":true,"href":"http:\/\/www.yespara.tn\/index.php?rest_route=%2Fwp%2Fv2%2Fproduct_cat&post=4508"},{"taxonomy":"product_tag","embeddable":true,"href":"http:\/\/www.yespara.tn\/index.php?rest_route=%2Fwp%2Fv2%2Fproduct_tag&post=4508"}],"curies":[{"name":"wp","href":"https:\/\/api.w.org\/{rel}","templated":true}]}}