{"id":4492,"date":"2026-02-28T11:27:24","date_gmt":"2026-02-28T10:27:24","guid":{"rendered":"http:\/\/198.46.190.232\/mypara\/?product=lierac-sebologie-masque-scrub-desincrustant-50-ml"},"modified":"2026-02-28T11:27:24","modified_gmt":"2026-02-28T10:27:24","slug":"lierac-sebologie-masque-scrub-desincrustant-50-ml","status":"publish","type":"product","link":"http:\/\/www.yespara.tn\/?product=lierac-sebologie-masque-scrub-desincrustant-50-ml","title":{"rendered":"lierac sebologie masque scrub desincrustant 50 ml"},"content":{"rendered":"","protected":false},"excerpt":{"rendered":"<p>Ce masque d\u00e9sincruste instantan\u00e9ment les pores et clarifie la peau gr\u00e2ce aux argiles vertes et blanches purifiantes et aux micro-grains exfoliants d\u2019origine v\u00e9g\u00e9tale.<\/p>\n","protected":false},"featured_media":4491,"comment_status":"open","ping_status":"closed","template":"","meta":[],"product_brand":[],"product_cat":[3279],"product_tag":[],"class_list":{"0":"post-4492","1":"product","2":"type-product","3":"status-publish","4":"has-post-thumbnail","6":"product_cat-lierac-soins-visage-masques-visage-et-gommage","8":"first","9":"instock","10":"taxable","11":"shipping-taxable","12":"product-type-simple"},"_links":{"self":[{"href":"http:\/\/www.yespara.tn\/index.php?rest_route=\/wp\/v2\/product\/4492","targetHints":{"allow":["GET"]}}],"collection":[{"href":"http:\/\/www.yespara.tn\/index.php?rest_route=\/wp\/v2\/product"}],"about":[{"href":"http:\/\/www.yespara.tn\/index.php?rest_route=\/wp\/v2\/types\/product"}],"replies":[{"embeddable":true,"href":"http:\/\/www.yespara.tn\/index.php?rest_route=%2Fwp%2Fv2%2Fcomments&post=4492"}],"wp:featuredmedia":[{"embeddable":true,"href":"http:\/\/www.yespara.tn\/index.php?rest_route=\/wp\/v2\/media\/4491"}],"wp:attachment":[{"href":"http:\/\/www.yespara.tn\/index.php?rest_route=%2Fwp%2Fv2%2Fmedia&parent=4492"}],"wp:term":[{"taxonomy":"product_brand","embeddable":true,"href":"http:\/\/www.yespara.tn\/index.php?rest_route=%2Fwp%2Fv2%2Fproduct_brand&post=4492"},{"taxonomy":"product_cat","embeddable":true,"href":"http:\/\/www.yespara.tn\/index.php?rest_route=%2Fwp%2Fv2%2Fproduct_cat&post=4492"},{"taxonomy":"product_tag","embeddable":true,"href":"http:\/\/www.yespara.tn\/index.php?rest_route=%2Fwp%2Fv2%2Fproduct_tag&post=4492"}],"curies":[{"name":"wp","href":"https:\/\/api.w.org\/{rel}","templated":true}]}}