{"id":4464,"date":"2026-02-28T11:27:00","date_gmt":"2026-02-28T10:27:00","guid":{"rendered":"http:\/\/198.46.190.232\/mypara\/?product=novexpert-serum-booster-a-la-vitamine-c-30ml"},"modified":"2026-02-28T12:45:00","modified_gmt":"2026-02-28T11:45:00","slug":"novexpert-serum-booster-a-la-vitamine-c-30ml","status":"publish","type":"product","link":"http:\/\/www.yespara.tn\/?product=novexpert-serum-booster-a-la-vitamine-c-30ml","title":{"rendered":"Novexpert Serum Booster A La Vitamine C 30ml"},"content":{"rendered":"","protected":false},"excerpt":{"rendered":"<p>Plongez dans une \u00e8re r\u00e9volutionnaire de soins de la peau avec le s\u00e9rum \u00e0 la vitamine C de Novexpert. Avec une concentration ultra-\u00e9lev\u00e9e de 25% de vitamine C stabilis\u00e9e, ce s\u00e9rum expert cible efficacement les signes de l\u2019\u00e2ge, les taches pigmentaires et ravive l\u2019\u00e9clat du teint.<\/p>\n","protected":false},"featured_media":4463,"comment_status":"open","ping_status":"closed","template":"","meta":[],"product_brand":[],"product_cat":[2435],"product_tag":[3273],"class_list":{"0":"post-4464","1":"product","2":"type-product","3":"status-publish","4":"has-post-thumbnail","6":"product_cat-novexpert-soins-visage-soins-eclaircissants","7":"product_tag-novexpert-serum-booster-a-la-vitamine-c-30ml","9":"first","10":"instock","11":"sale","12":"taxable","13":"shipping-taxable","14":"purchasable","15":"product-type-simple"},"_links":{"self":[{"href":"http:\/\/www.yespara.tn\/index.php?rest_route=\/wp\/v2\/product\/4464","targetHints":{"allow":["GET"]}}],"collection":[{"href":"http:\/\/www.yespara.tn\/index.php?rest_route=\/wp\/v2\/product"}],"about":[{"href":"http:\/\/www.yespara.tn\/index.php?rest_route=\/wp\/v2\/types\/product"}],"replies":[{"embeddable":true,"href":"http:\/\/www.yespara.tn\/index.php?rest_route=%2Fwp%2Fv2%2Fcomments&post=4464"}],"wp:featuredmedia":[{"embeddable":true,"href":"http:\/\/www.yespara.tn\/index.php?rest_route=\/wp\/v2\/media\/4463"}],"wp:attachment":[{"href":"http:\/\/www.yespara.tn\/index.php?rest_route=%2Fwp%2Fv2%2Fmedia&parent=4464"}],"wp:term":[{"taxonomy":"product_brand","embeddable":true,"href":"http:\/\/www.yespara.tn\/index.php?rest_route=%2Fwp%2Fv2%2Fproduct_brand&post=4464"},{"taxonomy":"product_cat","embeddable":true,"href":"http:\/\/www.yespara.tn\/index.php?rest_route=%2Fwp%2Fv2%2Fproduct_cat&post=4464"},{"taxonomy":"product_tag","embeddable":true,"href":"http:\/\/www.yespara.tn\/index.php?rest_route=%2Fwp%2Fv2%2Fproduct_tag&post=4464"}],"curies":[{"name":"wp","href":"https:\/\/api.w.org\/{rel}","templated":true}]}}