{"id":4446,"date":"2026-02-28T11:26:45","date_gmt":"2026-02-28T10:26:45","guid":{"rendered":"http:\/\/198.46.190.232\/mypara\/?product=avene-cleanance-comedomed-concentre-anti-imperfection-30ml"},"modified":"2026-02-28T11:26:45","modified_gmt":"2026-02-28T10:26:45","slug":"avene-cleanance-comedomed-concentre-anti-imperfection-30ml","status":"publish","type":"product","link":"http:\/\/www.yespara.tn\/?product=avene-cleanance-comedomed-concentre-anti-imperfection-30ml","title":{"rendered":"AVENE Cleanance COMEDOMED Concentre Anti Imperfection 30ML"},"content":{"rendered":"","protected":false},"excerpt":{"rendered":"<p>Cleanance Comedomed, innovation des Laboratoires Eau Thermale Av\u00e8ne, combat les boutons et limite leur r\u00e9apparition avec une efficacit\u00e9 cliniquement prouv\u00e9e d\u00e8s sept jours*. Haute tol\u00e9rance pour les peaux \u00e0 tendance acn\u00e9ique. Action rapide Anti-r\u00e9cidive Haute tol\u00e9rance Sans parfum<\/p>\n","protected":false},"featured_media":4445,"comment_status":"open","ping_status":"closed","template":"","meta":[],"product_brand":[],"product_cat":[3178],"product_tag":[],"class_list":{"0":"post-4446","1":"product","2":"type-product","3":"status-publish","4":"has-post-thumbnail","6":"product_cat-avene-soins-visage-2","8":"first","9":"instock","10":"taxable","11":"shipping-taxable","12":"product-type-simple"},"_links":{"self":[{"href":"http:\/\/www.yespara.tn\/index.php?rest_route=\/wp\/v2\/product\/4446","targetHints":{"allow":["GET"]}}],"collection":[{"href":"http:\/\/www.yespara.tn\/index.php?rest_route=\/wp\/v2\/product"}],"about":[{"href":"http:\/\/www.yespara.tn\/index.php?rest_route=\/wp\/v2\/types\/product"}],"replies":[{"embeddable":true,"href":"http:\/\/www.yespara.tn\/index.php?rest_route=%2Fwp%2Fv2%2Fcomments&post=4446"}],"wp:featuredmedia":[{"embeddable":true,"href":"http:\/\/www.yespara.tn\/index.php?rest_route=\/wp\/v2\/media\/4445"}],"wp:attachment":[{"href":"http:\/\/www.yespara.tn\/index.php?rest_route=%2Fwp%2Fv2%2Fmedia&parent=4446"}],"wp:term":[{"taxonomy":"product_brand","embeddable":true,"href":"http:\/\/www.yespara.tn\/index.php?rest_route=%2Fwp%2Fv2%2Fproduct_brand&post=4446"},{"taxonomy":"product_cat","embeddable":true,"href":"http:\/\/www.yespara.tn\/index.php?rest_route=%2Fwp%2Fv2%2Fproduct_cat&post=4446"},{"taxonomy":"product_tag","embeddable":true,"href":"http:\/\/www.yespara.tn\/index.php?rest_route=%2Fwp%2Fv2%2Fproduct_tag&post=4446"}],"curies":[{"name":"wp","href":"https:\/\/api.w.org\/{rel}","templated":true}]}}