{"id":4444,"date":"2026-02-28T11:26:43","date_gmt":"2026-02-28T10:26:43","guid":{"rendered":"http:\/\/198.46.190.232\/mypara\/?product=avene-cleanance-women-soin-nuit-lissant-30-ml"},"modified":"2026-02-28T11:26:43","modified_gmt":"2026-02-28T10:26:43","slug":"avene-cleanance-women-soin-nuit-lissant-30-ml","status":"publish","type":"product","link":"http:\/\/www.yespara.tn\/?product=avene-cleanance-women-soin-nuit-lissant-30-ml","title":{"rendered":"Avene Cleanance Women Soin Nuit Lissant 30 Ml"},"content":{"rendered":"","protected":false},"excerpt":{"rendered":"<p>lass=\u00a0\u00bbyoast-text-mark\u00a0\u00bb>lass=\u00a0\u00bbp-info__ap\u00a0\u00bb>R\u00e9duit les marques persistantes \u2013 R\u00e9duit les imperfections \u2013 Affine le grain de peau lliant une efficacit\u00e9 cliniquement prouv\u00e9e et une texture ultra sensoriellespour la peau \u00e0 imperfections de la femme adulte. <\/p>\n<div id=\u00a0\u00bbaccordion\u00a0\u00bb class=\u00a0\u00bbmyaccordion\u00a0\u00bb> Double b\u00e9n\u00e9fice: Anti-imperfections et anti-marques. Anti-imperfections, hydratant, lissant<\/p>\n","protected":false},"featured_media":4443,"comment_status":"open","ping_status":"closed","template":"","meta":[],"product_brand":[],"product_cat":[3256,2140],"product_tag":[],"class_list":{"0":"post-4444","1":"product","2":"type-product","3":"status-publish","4":"has-post-thumbnail","6":"product_cat-avene-mixte-et-acne","7":"product_cat-soins-peau-grasse","9":"first","10":"instock","11":"taxable","12":"shipping-taxable","13":"product-type-simple"},"_links":{"self":[{"href":"http:\/\/www.yespara.tn\/index.php?rest_route=\/wp\/v2\/product\/4444","targetHints":{"allow":["GET"]}}],"collection":[{"href":"http:\/\/www.yespara.tn\/index.php?rest_route=\/wp\/v2\/product"}],"about":[{"href":"http:\/\/www.yespara.tn\/index.php?rest_route=\/wp\/v2\/types\/product"}],"replies":[{"embeddable":true,"href":"http:\/\/www.yespara.tn\/index.php?rest_route=%2Fwp%2Fv2%2Fcomments&post=4444"}],"wp:featuredmedia":[{"embeddable":true,"href":"http:\/\/www.yespara.tn\/index.php?rest_route=\/wp\/v2\/media\/4443"}],"wp:attachment":[{"href":"http:\/\/www.yespara.tn\/index.php?rest_route=%2Fwp%2Fv2%2Fmedia&parent=4444"}],"wp:term":[{"taxonomy":"product_brand","embeddable":true,"href":"http:\/\/www.yespara.tn\/index.php?rest_route=%2Fwp%2Fv2%2Fproduct_brand&post=4444"},{"taxonomy":"product_cat","embeddable":true,"href":"http:\/\/www.yespara.tn\/index.php?rest_route=%2Fwp%2Fv2%2Fproduct_cat&post=4444"},{"taxonomy":"product_tag","embeddable":true,"href":"http:\/\/www.yespara.tn\/index.php?rest_route=%2Fwp%2Fv2%2Fproduct_tag&post=4444"}],"curies":[{"name":"wp","href":"https:\/\/api.w.org\/{rel}","templated":true}]}}