{"id":4440,"date":"2026-02-28T11:26:40","date_gmt":"2026-02-28T10:26:40","guid":{"rendered":"http:\/\/198.46.190.232\/mypara\/?product=avene-hydrance-legere-emulsion-hydratante-40ml"},"modified":"2026-02-28T11:26:40","modified_gmt":"2026-02-28T10:26:40","slug":"avene-hydrance-legere-emulsion-hydratante-40ml","status":"publish","type":"product","link":"http:\/\/www.yespara.tn\/?product=avene-hydrance-legere-emulsion-hydratante-40ml","title":{"rendered":"AVENE HYDRANCE legere emulsion hydratante 40ml"},"content":{"rendered":"","protected":false},"excerpt":{"rendered":"<p>\u2728 Hydrance L\u00e9g\u00e8re \u2013 \u00c9mulsion Hydratante (40 ml) \u2728 \ud83d\udca7 Adoucit durablement la peau. \ud83d\udee1\ufe0f Pr\u00e9vention des imperfections li\u00e9es \u00e0 une s\u00e9cr\u00e9tion excessive de s\u00e9bum . \ud83c\udf3f Adapt\u00e9e aux peaux sensibles, normales et mixtes .<\/p>\n","protected":false},"featured_media":4439,"comment_status":"open","ping_status":"closed","template":"","meta":[],"product_brand":[],"product_cat":[3178],"product_tag":[],"class_list":{"0":"post-4440","1":"product","2":"type-product","3":"status-publish","4":"has-post-thumbnail","6":"product_cat-avene-soins-visage-2","8":"first","9":"instock","10":"taxable","11":"shipping-taxable","12":"product-type-simple"},"_links":{"self":[{"href":"http:\/\/www.yespara.tn\/index.php?rest_route=\/wp\/v2\/product\/4440","targetHints":{"allow":["GET"]}}],"collection":[{"href":"http:\/\/www.yespara.tn\/index.php?rest_route=\/wp\/v2\/product"}],"about":[{"href":"http:\/\/www.yespara.tn\/index.php?rest_route=\/wp\/v2\/types\/product"}],"replies":[{"embeddable":true,"href":"http:\/\/www.yespara.tn\/index.php?rest_route=%2Fwp%2Fv2%2Fcomments&post=4440"}],"wp:featuredmedia":[{"embeddable":true,"href":"http:\/\/www.yespara.tn\/index.php?rest_route=\/wp\/v2\/media\/4439"}],"wp:attachment":[{"href":"http:\/\/www.yespara.tn\/index.php?rest_route=%2Fwp%2Fv2%2Fmedia&parent=4440"}],"wp:term":[{"taxonomy":"product_brand","embeddable":true,"href":"http:\/\/www.yespara.tn\/index.php?rest_route=%2Fwp%2Fv2%2Fproduct_brand&post=4440"},{"taxonomy":"product_cat","embeddable":true,"href":"http:\/\/www.yespara.tn\/index.php?rest_route=%2Fwp%2Fv2%2Fproduct_cat&post=4440"},{"taxonomy":"product_tag","embeddable":true,"href":"http:\/\/www.yespara.tn\/index.php?rest_route=%2Fwp%2Fv2%2Fproduct_tag&post=4440"}],"curies":[{"name":"wp","href":"https:\/\/api.w.org\/{rel}","templated":true}]}}