{"id":4436,"date":"2026-02-28T11:26:37","date_gmt":"2026-02-28T10:26:37","guid":{"rendered":"http:\/\/198.46.190.232\/mypara\/?product=avene-tolerance-controle-creme-apaisante-restauratrice-40ml"},"modified":"2026-02-28T11:26:37","modified_gmt":"2026-02-28T10:26:37","slug":"avene-tolerance-controle-creme-apaisante-restauratrice-40ml","status":"publish","type":"product","link":"http:\/\/www.yespara.tn\/?product=avene-tolerance-controle-creme-apaisante-restauratrice-40ml","title":{"rendered":"Avene Tolerance Controle Cr\u00e8me Apaisante Restauratrice 40ml"},"content":{"rendered":"","protected":false},"excerpt":{"rendered":"<p>Cr\u00e8me apaisante pour les peaux hypersensibles, r\u00e9actives, intol\u00e9rantes ou allergiques. Calme la peau en 30 secondes* et diminue durablement l\u2019inconfort cutan\u00e9. 98% d\u2019origine naturelle. Ultra-calmant Hydratant Haute tol\u00e9rance Sans parfum<\/p>\n","protected":false},"featured_media":4435,"comment_status":"open","ping_status":"closed","template":"","meta":[],"product_brand":[],"product_cat":[3254],"product_tag":[],"class_list":{"0":"post-4436","1":"product","2":"type-product","3":"status-publish","4":"has-post-thumbnail","6":"product_cat-avene-soins-visage-soins-hydratants-et-nourrissants-peaux-sensibles","8":"first","9":"instock","10":"taxable","11":"shipping-taxable","12":"product-type-simple"},"_links":{"self":[{"href":"http:\/\/www.yespara.tn\/index.php?rest_route=\/wp\/v2\/product\/4436","targetHints":{"allow":["GET"]}}],"collection":[{"href":"http:\/\/www.yespara.tn\/index.php?rest_route=\/wp\/v2\/product"}],"about":[{"href":"http:\/\/www.yespara.tn\/index.php?rest_route=\/wp\/v2\/types\/product"}],"replies":[{"embeddable":true,"href":"http:\/\/www.yespara.tn\/index.php?rest_route=%2Fwp%2Fv2%2Fcomments&post=4436"}],"wp:featuredmedia":[{"embeddable":true,"href":"http:\/\/www.yespara.tn\/index.php?rest_route=\/wp\/v2\/media\/4435"}],"wp:attachment":[{"href":"http:\/\/www.yespara.tn\/index.php?rest_route=%2Fwp%2Fv2%2Fmedia&parent=4436"}],"wp:term":[{"taxonomy":"product_brand","embeddable":true,"href":"http:\/\/www.yespara.tn\/index.php?rest_route=%2Fwp%2Fv2%2Fproduct_brand&post=4436"},{"taxonomy":"product_cat","embeddable":true,"href":"http:\/\/www.yespara.tn\/index.php?rest_route=%2Fwp%2Fv2%2Fproduct_cat&post=4436"},{"taxonomy":"product_tag","embeddable":true,"href":"http:\/\/www.yespara.tn\/index.php?rest_route=%2Fwp%2Fv2%2Fproduct_tag&post=4436"}],"curies":[{"name":"wp","href":"https:\/\/api.w.org\/{rel}","templated":true}]}}