{"id":4430,"date":"2026-02-28T11:26:33","date_gmt":"2026-02-28T10:26:33","guid":{"rendered":"http:\/\/198.46.190.232\/mypara\/?product=svr-cicavit-baume-protecteur-levres-10g"},"modified":"2026-02-28T12:44:59","modified_gmt":"2026-02-28T11:44:59","slug":"svr-cicavit-baume-protecteur-levres-10g","status":"publish","type":"product","link":"http:\/\/www.yespara.tn\/?product=svr-cicavit-baume-protecteur-levres-10g","title":{"rendered":"svr cicavit+ baume protecteur levres 10g"},"content":{"rendered":"","protected":false},"excerpt":{"rendered":"<p>Baume protecteur r\u00e9paration acc\u00e9l\u00e9r\u00e9e 10g \u2013 L\u00e8vres s\u00e8ches \u00e0 tr\u00e8s s\u00e8ches, s\u00e9v\u00e8rement dess\u00e9ch\u00e9es. L\u00e8vres gerc\u00e9es, ab\u00eem\u00e9es, tiraill\u00e9es, irrit\u00e9es.<\/p>\n","protected":false},"featured_media":4429,"comment_status":"open","ping_status":"closed","template":"","meta":[],"product_brand":[],"product_cat":[3253],"product_tag":[],"class_list":{"0":"post-4430","1":"product","2":"type-product","3":"status-publish","4":"has-post-thumbnail","6":"product_cat-svr-yeux-et-levres","8":"first","9":"instock","10":"sale","11":"taxable","12":"shipping-taxable","13":"purchasable","14":"product-type-simple"},"_links":{"self":[{"href":"http:\/\/www.yespara.tn\/index.php?rest_route=\/wp\/v2\/product\/4430","targetHints":{"allow":["GET"]}}],"collection":[{"href":"http:\/\/www.yespara.tn\/index.php?rest_route=\/wp\/v2\/product"}],"about":[{"href":"http:\/\/www.yespara.tn\/index.php?rest_route=\/wp\/v2\/types\/product"}],"replies":[{"embeddable":true,"href":"http:\/\/www.yespara.tn\/index.php?rest_route=%2Fwp%2Fv2%2Fcomments&post=4430"}],"wp:featuredmedia":[{"embeddable":true,"href":"http:\/\/www.yespara.tn\/index.php?rest_route=\/wp\/v2\/media\/4429"}],"wp:attachment":[{"href":"http:\/\/www.yespara.tn\/index.php?rest_route=%2Fwp%2Fv2%2Fmedia&parent=4430"}],"wp:term":[{"taxonomy":"product_brand","embeddable":true,"href":"http:\/\/www.yespara.tn\/index.php?rest_route=%2Fwp%2Fv2%2Fproduct_brand&post=4430"},{"taxonomy":"product_cat","embeddable":true,"href":"http:\/\/www.yespara.tn\/index.php?rest_route=%2Fwp%2Fv2%2Fproduct_cat&post=4430"},{"taxonomy":"product_tag","embeddable":true,"href":"http:\/\/www.yespara.tn\/index.php?rest_route=%2Fwp%2Fv2%2Fproduct_tag&post=4430"}],"curies":[{"name":"wp","href":"https:\/\/api.w.org\/{rel}","templated":true}]}}