{"id":4426,"date":"2026-02-28T11:26:30","date_gmt":"2026-02-28T10:26:30","guid":{"rendered":"http:\/\/198.46.190.232\/mypara\/?product=svr-topialyse-baume-lavant-400ml-2"},"modified":"2026-02-28T11:26:30","modified_gmt":"2026-02-28T10:26:30","slug":"svr-topialyse-baume-lavant-400ml-2","status":"publish","type":"product","link":"http:\/\/www.yespara.tn\/?product=svr-topialyse-baume-lavant-400ml-2","title":{"rendered":"SVR TOPIALYSE Baume Lavant 400ml"},"content":{"rendered":"","protected":false},"excerpt":{"rendered":"<p>\ud83c\udf3f SVR TOPIALYSE BAUME LAVANT \u2013 Soin lavant apaisant pour peaux tr\u00e8s s\u00e8ches &#038; atopiques \ud83d\udebf\u2728 \ud83d\udca7 Une v\u00e9ritable innovation : aussi efficace qu\u2019un soin, le 1\u1d49\u02b3 baume lavant ultra-nourrissant pour les s\u00e9cheresses &#038; grattages s\u00e9v\u00e8res ! \u2714 Nettoie en douceur et relipide intens\u00e9ment \ud83c\udf31 \u2714 Apaise imm\u00e9diatement les irritations &#038; d\u00e9mangeaisons \ud83d\uded1 \u2714 Renforce la barri\u00e8re cutan\u00e9e et prot\u00e8ge des agressions ext\u00e9rieures (calcaire, froid, frottements) \ud83d\udee1\ufe0f \u2714 Hydratation longue dur\u00e9e pour un confort absolu \ud83d\udca6<\/p>\n","protected":false},"featured_media":4425,"comment_status":"open","ping_status":"closed","template":"","meta":[],"product_brand":[],"product_cat":[2229],"product_tag":[],"class_list":{"0":"post-4426","1":"product","2":"type-product","3":"status-publish","4":"has-post-thumbnail","6":"product_cat-svr-soins-visage-2","8":"first","9":"instock","10":"taxable","11":"shipping-taxable","12":"product-type-simple"},"_links":{"self":[{"href":"http:\/\/www.yespara.tn\/index.php?rest_route=\/wp\/v2\/product\/4426","targetHints":{"allow":["GET"]}}],"collection":[{"href":"http:\/\/www.yespara.tn\/index.php?rest_route=\/wp\/v2\/product"}],"about":[{"href":"http:\/\/www.yespara.tn\/index.php?rest_route=\/wp\/v2\/types\/product"}],"replies":[{"embeddable":true,"href":"http:\/\/www.yespara.tn\/index.php?rest_route=%2Fwp%2Fv2%2Fcomments&post=4426"}],"wp:featuredmedia":[{"embeddable":true,"href":"http:\/\/www.yespara.tn\/index.php?rest_route=\/wp\/v2\/media\/4425"}],"wp:attachment":[{"href":"http:\/\/www.yespara.tn\/index.php?rest_route=%2Fwp%2Fv2%2Fmedia&parent=4426"}],"wp:term":[{"taxonomy":"product_brand","embeddable":true,"href":"http:\/\/www.yespara.tn\/index.php?rest_route=%2Fwp%2Fv2%2Fproduct_brand&post=4426"},{"taxonomy":"product_cat","embeddable":true,"href":"http:\/\/www.yespara.tn\/index.php?rest_route=%2Fwp%2Fv2%2Fproduct_cat&post=4426"},{"taxonomy":"product_tag","embeddable":true,"href":"http:\/\/www.yespara.tn\/index.php?rest_route=%2Fwp%2Fv2%2Fproduct_tag&post=4426"}],"curies":[{"name":"wp","href":"https:\/\/api.w.org\/{rel}","templated":true}]}}