{"id":4414,"date":"2026-02-28T11:26:19","date_gmt":"2026-02-28T10:26:19","guid":{"rendered":"http:\/\/198.46.190.232\/mypara\/?product=isdinceutics-age-reverse-50ml"},"modified":"2026-02-28T12:44:59","modified_gmt":"2026-02-28T11:44:59","slug":"isdinceutics-age-reverse-50ml","status":"publish","type":"product","link":"http:\/\/www.yespara.tn\/?product=isdinceutics-age-reverse-50ml","title":{"rendered":"ISDINCEUTICS age reverse 50ML"},"content":{"rendered":"","protected":false},"excerpt":{"rendered":"<p>\ud83d\udc8e Isdinceutics A.G.E. Reverse \ud83c\udf1f Triple action anti-\u00e2ge : \u2714\ufe0f Anti-pollution \ud83c\udf2b\ufe0f : Prot\u00e8ge la peau des agressions ext\u00e9rieures. \u2714\ufe0f Remodelant \ud83d\udca7 : Red\u00e9finit et hydrate les contours du visage. \u2714\ufe0f Anti-glycation \ud83d\udd70\ufe0f : Ralentit le vieillissement cutan\u00e9 en r\u00e9duisant la formation de A.G.E. (produits finaux de glycation avanc\u00e9e).<\/p>\n","protected":false},"featured_media":4413,"comment_status":"open","ping_status":"closed","template":"","meta":[],"product_brand":[],"product_cat":[3249],"product_tag":[],"class_list":{"0":"post-4414","1":"product","2":"type-product","3":"status-publish","4":"has-post-thumbnail","6":"product_cat-isdin-soins-visage-soins-anti-age-et-anti-rides-2","8":"first","9":"instock","10":"sale","11":"taxable","12":"shipping-taxable","13":"purchasable","14":"product-type-simple"},"_links":{"self":[{"href":"http:\/\/www.yespara.tn\/index.php?rest_route=\/wp\/v2\/product\/4414","targetHints":{"allow":["GET"]}}],"collection":[{"href":"http:\/\/www.yespara.tn\/index.php?rest_route=\/wp\/v2\/product"}],"about":[{"href":"http:\/\/www.yespara.tn\/index.php?rest_route=\/wp\/v2\/types\/product"}],"replies":[{"embeddable":true,"href":"http:\/\/www.yespara.tn\/index.php?rest_route=%2Fwp%2Fv2%2Fcomments&post=4414"}],"wp:featuredmedia":[{"embeddable":true,"href":"http:\/\/www.yespara.tn\/index.php?rest_route=\/wp\/v2\/media\/4413"}],"wp:attachment":[{"href":"http:\/\/www.yespara.tn\/index.php?rest_route=%2Fwp%2Fv2%2Fmedia&parent=4414"}],"wp:term":[{"taxonomy":"product_brand","embeddable":true,"href":"http:\/\/www.yespara.tn\/index.php?rest_route=%2Fwp%2Fv2%2Fproduct_brand&post=4414"},{"taxonomy":"product_cat","embeddable":true,"href":"http:\/\/www.yespara.tn\/index.php?rest_route=%2Fwp%2Fv2%2Fproduct_cat&post=4414"},{"taxonomy":"product_tag","embeddable":true,"href":"http:\/\/www.yespara.tn\/index.php?rest_route=%2Fwp%2Fv2%2Fproduct_tag&post=4414"}],"curies":[{"name":"wp","href":"https:\/\/api.w.org\/{rel}","templated":true}]}}