{"id":4404,"date":"2026-02-28T11:26:12","date_gmt":"2026-02-28T10:26:12","guid":{"rendered":"http:\/\/198.46.190.232\/mypara\/?product=sesderma-hidraderm-hyal-facial-cream-50-ml"},"modified":"2026-02-28T12:44:58","modified_gmt":"2026-02-28T11:44:58","slug":"sesderma-hidraderm-hyal-facial-cream-50-ml","status":"publish","type":"product","link":"http:\/\/www.yespara.tn\/?product=sesderma-hidraderm-hyal-facial-cream-50-ml","title":{"rendered":"SESDERMA hidraderm hyal facial CREAM 50 ML"},"content":{"rendered":"","protected":false},"excerpt":{"rendered":"<p>\ud83d\udee1\ufe0f Pr\u00e9vention &#038; Traitement du Vieillissement \ud83c\udf1f \ud83d\udca7 Hydrate &#038; prot\u00e8ge les peaux s\u00e8ches et d\u00e9shydrat\u00e9es, m\u00eame les plus sensibles. \ud83c\udf21\ufe0f Facteurs exog\u00e8nes : Climat sec, hiver, d\u00e9tergents\u2026 \u23f3 Facteurs endog\u00e8nes : Vieillissement, atopie\u2026 \u2728 Adapt\u00e9 aux s\u00e9cheresses li\u00e9es \u00e0 : \ud83e\uddf4 Soins esth\u00e9tiques : Peeling, laser, microdermabrasion. \ud83d\udc8a Traitements dermatologiques : Cortico\u00efdes, r\u00e9tino\u00efdes.<\/p>\n","protected":false},"featured_media":4403,"comment_status":"open","ping_status":"closed","template":"","meta":[],"product_brand":[],"product_cat":[3247],"product_tag":[],"class_list":{"0":"post-4404","1":"product","2":"type-product","3":"status-publish","4":"has-post-thumbnail","6":"product_cat-sesderma","8":"first","9":"instock","10":"sale","11":"taxable","12":"shipping-taxable","13":"purchasable","14":"product-type-simple"},"_links":{"self":[{"href":"http:\/\/www.yespara.tn\/index.php?rest_route=\/wp\/v2\/product\/4404","targetHints":{"allow":["GET"]}}],"collection":[{"href":"http:\/\/www.yespara.tn\/index.php?rest_route=\/wp\/v2\/product"}],"about":[{"href":"http:\/\/www.yespara.tn\/index.php?rest_route=\/wp\/v2\/types\/product"}],"replies":[{"embeddable":true,"href":"http:\/\/www.yespara.tn\/index.php?rest_route=%2Fwp%2Fv2%2Fcomments&post=4404"}],"wp:featuredmedia":[{"embeddable":true,"href":"http:\/\/www.yespara.tn\/index.php?rest_route=\/wp\/v2\/media\/4403"}],"wp:attachment":[{"href":"http:\/\/www.yespara.tn\/index.php?rest_route=%2Fwp%2Fv2%2Fmedia&parent=4404"}],"wp:term":[{"taxonomy":"product_brand","embeddable":true,"href":"http:\/\/www.yespara.tn\/index.php?rest_route=%2Fwp%2Fv2%2Fproduct_brand&post=4404"},{"taxonomy":"product_cat","embeddable":true,"href":"http:\/\/www.yespara.tn\/index.php?rest_route=%2Fwp%2Fv2%2Fproduct_cat&post=4404"},{"taxonomy":"product_tag","embeddable":true,"href":"http:\/\/www.yespara.tn\/index.php?rest_route=%2Fwp%2Fv2%2Fproduct_tag&post=4404"}],"curies":[{"name":"wp","href":"https:\/\/api.w.org\/{rel}","templated":true}]}}