{"id":4402,"date":"2026-02-28T11:26:11","date_gmt":"2026-02-28T10:26:11","guid":{"rendered":"http:\/\/198.46.190.232\/mypara\/?product=isdin-auriderm-creme-post-intervention-50ml"},"modified":"2026-02-28T11:26:11","modified_gmt":"2026-02-28T10:26:11","slug":"isdin-auriderm-creme-post-intervention-50ml","status":"publish","type":"product","link":"http:\/\/www.yespara.tn\/?product=isdin-auriderm-creme-post-intervention-50ml","title":{"rendered":"isdin auriderm creme post intervention 50ml"},"content":{"rendered":"","protected":false},"excerpt":{"rendered":"<div id=\u00a0\u00bbproduct-description-short-5400\u2033 class=\u00a0\u00bbproduct-description\u00a0\u00bb> Cr\u00e8me d\u2019action localis\u00e9e avec une formule brevet\u00e9 \u00e0 base de Vitamine K Oxyde qui aide \u00e0 diminuer les bleus et rougeurs apr\u00e8s traitements esth\u00e9tiques comme des injections de comblement (acide hyaluronique), m\u00e9soth\u00e9rapie ou interventions chirurgicales. <\/p>\n<section class=\u00a0\u00bbproduct-discounts\u00a0\u00bb>\n<div class=\u00a0\u00bbproduct-add-to-cart\u00a0\u00bb>\n","protected":false},"featured_media":4401,"comment_status":"open","ping_status":"closed","template":"","meta":[],"product_brand":[],"product_cat":[2666],"product_tag":[],"class_list":{"0":"post-4402","1":"product","2":"type-product","3":"status-publish","4":"has-post-thumbnail","6":"product_cat-isdin-soins-visage-2","8":"first","9":"instock","10":"taxable","11":"shipping-taxable","12":"product-type-simple"},"_links":{"self":[{"href":"http:\/\/www.yespara.tn\/index.php?rest_route=\/wp\/v2\/product\/4402","targetHints":{"allow":["GET"]}}],"collection":[{"href":"http:\/\/www.yespara.tn\/index.php?rest_route=\/wp\/v2\/product"}],"about":[{"href":"http:\/\/www.yespara.tn\/index.php?rest_route=\/wp\/v2\/types\/product"}],"replies":[{"embeddable":true,"href":"http:\/\/www.yespara.tn\/index.php?rest_route=%2Fwp%2Fv2%2Fcomments&post=4402"}],"wp:featuredmedia":[{"embeddable":true,"href":"http:\/\/www.yespara.tn\/index.php?rest_route=\/wp\/v2\/media\/4401"}],"wp:attachment":[{"href":"http:\/\/www.yespara.tn\/index.php?rest_route=%2Fwp%2Fv2%2Fmedia&parent=4402"}],"wp:term":[{"taxonomy":"product_brand","embeddable":true,"href":"http:\/\/www.yespara.tn\/index.php?rest_route=%2Fwp%2Fv2%2Fproduct_brand&post=4402"},{"taxonomy":"product_cat","embeddable":true,"href":"http:\/\/www.yespara.tn\/index.php?rest_route=%2Fwp%2Fv2%2Fproduct_cat&post=4402"},{"taxonomy":"product_tag","embeddable":true,"href":"http:\/\/www.yespara.tn\/index.php?rest_route=%2Fwp%2Fv2%2Fproduct_tag&post=4402"}],"curies":[{"name":"wp","href":"https:\/\/api.w.org\/{rel}","templated":true}]}}