{"id":4398,"date":"2026-02-28T11:26:09","date_gmt":"2026-02-28T10:26:09","guid":{"rendered":"http:\/\/198.46.190.232\/mypara\/?product=isdin-pediatrics-transparent-spray-pour-enfants-spf50-250ml"},"modified":"2026-02-28T12:44:58","modified_gmt":"2026-02-28T11:44:58","slug":"isdin-pediatrics-transparent-spray-pour-enfants-spf50-250ml","status":"publish","type":"product","link":"http:\/\/www.yespara.tn\/?product=isdin-pediatrics-transparent-spray-pour-enfants-spf50-250ml","title":{"rendered":"isdin pediatrics transparent spray pour enfants spf50 250ml"},"content":{"rendered":"","protected":false},"excerpt":{"rendered":"<p>Isdin Fotoprotector Pediatrics Spray Transparent Wet Skin SPF50 250 ml est un \u00e9cran solaire en spray transparent \u00e0 s\u00e9chage imm\u00e9diat pour enfants. Efficace sur peau humide, il est tr\u00e8s r\u00e9sistant \u00e0 l\u2019eau.<\/p>\n","protected":false},"featured_media":4397,"comment_status":"open","ping_status":"closed","template":"","meta":[],"product_brand":[],"product_cat":[3243],"product_tag":[],"class_list":{"0":"post-4398","1":"product","2":"type-product","3":"status-publish","4":"has-post-thumbnail","6":"product_cat-isdin-soins-visage-soins-solaires-cremes-solaires-enfant","8":"first","9":"instock","10":"sale","11":"taxable","12":"shipping-taxable","13":"purchasable","14":"product-type-simple"},"_links":{"self":[{"href":"http:\/\/www.yespara.tn\/index.php?rest_route=\/wp\/v2\/product\/4398","targetHints":{"allow":["GET"]}}],"collection":[{"href":"http:\/\/www.yespara.tn\/index.php?rest_route=\/wp\/v2\/product"}],"about":[{"href":"http:\/\/www.yespara.tn\/index.php?rest_route=\/wp\/v2\/types\/product"}],"replies":[{"embeddable":true,"href":"http:\/\/www.yespara.tn\/index.php?rest_route=%2Fwp%2Fv2%2Fcomments&post=4398"}],"wp:featuredmedia":[{"embeddable":true,"href":"http:\/\/www.yespara.tn\/index.php?rest_route=\/wp\/v2\/media\/4397"}],"wp:attachment":[{"href":"http:\/\/www.yespara.tn\/index.php?rest_route=%2Fwp%2Fv2%2Fmedia&parent=4398"}],"wp:term":[{"taxonomy":"product_brand","embeddable":true,"href":"http:\/\/www.yespara.tn\/index.php?rest_route=%2Fwp%2Fv2%2Fproduct_brand&post=4398"},{"taxonomy":"product_cat","embeddable":true,"href":"http:\/\/www.yespara.tn\/index.php?rest_route=%2Fwp%2Fv2%2Fproduct_cat&post=4398"},{"taxonomy":"product_tag","embeddable":true,"href":"http:\/\/www.yespara.tn\/index.php?rest_route=%2Fwp%2Fv2%2Fproduct_tag&post=4398"}],"curies":[{"name":"wp","href":"https:\/\/api.w.org\/{rel}","templated":true}]}}