{"id":4396,"date":"2026-02-28T11:26:07","date_gmt":"2026-02-28T10:26:07","guid":{"rendered":"http:\/\/198.46.190.232\/mypara\/?product=isdin-hydration-ureadin-ultra-30-creme-exfoliante-50ml"},"modified":"2026-02-28T11:26:07","modified_gmt":"2026-02-28T10:26:07","slug":"isdin-hydration-ureadin-ultra-30-creme-exfoliante-50ml","status":"publish","type":"product","link":"http:\/\/www.yespara.tn\/?product=isdin-hydration-ureadin-ultra-30-creme-exfoliante-50ml","title":{"rendered":"isdin hydration ureadin ultra 30 creme exfoliante 50ml"},"content":{"rendered":"","protected":false},"excerpt":{"rendered":"<p>R\u00e9duit les zones \u00e9paissies, restaure la douceur de la peau. Formule hydratante r\u00e9paratrice sp\u00e9cialement indiqu\u00e9e pour les peaux \u00e9paissies et dures.<\/p>\n","protected":false},"featured_media":4395,"comment_status":"open","ping_status":"closed","template":"","meta":[],"product_brand":[],"product_cat":[2666],"product_tag":[],"class_list":{"0":"post-4396","1":"product","2":"type-product","3":"status-publish","4":"has-post-thumbnail","6":"product_cat-isdin-soins-visage-2","8":"first","9":"instock","10":"taxable","11":"shipping-taxable","12":"product-type-simple"},"_links":{"self":[{"href":"http:\/\/www.yespara.tn\/index.php?rest_route=\/wp\/v2\/product\/4396","targetHints":{"allow":["GET"]}}],"collection":[{"href":"http:\/\/www.yespara.tn\/index.php?rest_route=\/wp\/v2\/product"}],"about":[{"href":"http:\/\/www.yespara.tn\/index.php?rest_route=\/wp\/v2\/types\/product"}],"replies":[{"embeddable":true,"href":"http:\/\/www.yespara.tn\/index.php?rest_route=%2Fwp%2Fv2%2Fcomments&post=4396"}],"wp:featuredmedia":[{"embeddable":true,"href":"http:\/\/www.yespara.tn\/index.php?rest_route=\/wp\/v2\/media\/4395"}],"wp:attachment":[{"href":"http:\/\/www.yespara.tn\/index.php?rest_route=%2Fwp%2Fv2%2Fmedia&parent=4396"}],"wp:term":[{"taxonomy":"product_brand","embeddable":true,"href":"http:\/\/www.yespara.tn\/index.php?rest_route=%2Fwp%2Fv2%2Fproduct_brand&post=4396"},{"taxonomy":"product_cat","embeddable":true,"href":"http:\/\/www.yespara.tn\/index.php?rest_route=%2Fwp%2Fv2%2Fproduct_cat&post=4396"},{"taxonomy":"product_tag","embeddable":true,"href":"http:\/\/www.yespara.tn\/index.php?rest_route=%2Fwp%2Fv2%2Fproduct_tag&post=4396"}],"curies":[{"name":"wp","href":"https:\/\/api.w.org\/{rel}","templated":true}]}}