{"id":4386,"date":"2026-02-28T11:25:56","date_gmt":"2026-02-28T10:25:56","guid":{"rendered":"http:\/\/198.46.190.232\/mypara\/?product=clarenia-serum-clarifiant-action-rapide-30ml"},"modified":"2026-02-28T11:25:56","modified_gmt":"2026-02-28T10:25:56","slug":"clarenia-serum-clarifiant-action-rapide-30ml","status":"publish","type":"product","link":"http:\/\/www.yespara.tn\/?product=clarenia-serum-clarifiant-action-rapide-30ml","title":{"rendered":"CLARENIA S\u00e9rum clarifiant action rapide 30ml"},"content":{"rendered":"","protected":false},"excerpt":{"rendered":"<p>S\u00e9rum 100% naturel ultra concentr\u00e9 qui agit gr\u00e2ce \u00e0 ses actifs 100% naturels pour \u00e9liminer les taches brunes et unifier et sublimer la peau. Type de peaux\u00a0: tous types de peaux<\/p>\n","protected":false},"featured_media":4385,"comment_status":"open","ping_status":"closed","template":"","meta":[],"product_brand":[],"product_cat":[3235],"product_tag":[],"class_list":{"0":"post-4386","1":"product","2":"type-product","3":"status-publish","4":"has-post-thumbnail","6":"product_cat-clarenia-soins-visage-serums-anti-age","8":"first","9":"instock","10":"taxable","11":"shipping-taxable","12":"product-type-simple"},"_links":{"self":[{"href":"http:\/\/www.yespara.tn\/index.php?rest_route=\/wp\/v2\/product\/4386","targetHints":{"allow":["GET"]}}],"collection":[{"href":"http:\/\/www.yespara.tn\/index.php?rest_route=\/wp\/v2\/product"}],"about":[{"href":"http:\/\/www.yespara.tn\/index.php?rest_route=\/wp\/v2\/types\/product"}],"replies":[{"embeddable":true,"href":"http:\/\/www.yespara.tn\/index.php?rest_route=%2Fwp%2Fv2%2Fcomments&post=4386"}],"wp:featuredmedia":[{"embeddable":true,"href":"http:\/\/www.yespara.tn\/index.php?rest_route=\/wp\/v2\/media\/4385"}],"wp:attachment":[{"href":"http:\/\/www.yespara.tn\/index.php?rest_route=%2Fwp%2Fv2%2Fmedia&parent=4386"}],"wp:term":[{"taxonomy":"product_brand","embeddable":true,"href":"http:\/\/www.yespara.tn\/index.php?rest_route=%2Fwp%2Fv2%2Fproduct_brand&post=4386"},{"taxonomy":"product_cat","embeddable":true,"href":"http:\/\/www.yespara.tn\/index.php?rest_route=%2Fwp%2Fv2%2Fproduct_cat&post=4386"},{"taxonomy":"product_tag","embeddable":true,"href":"http:\/\/www.yespara.tn\/index.php?rest_route=%2Fwp%2Fv2%2Fproduct_tag&post=4386"}],"curies":[{"name":"wp","href":"https:\/\/api.w.org\/{rel}","templated":true}]}}