{"id":4384,"date":"2026-02-28T11:25:55","date_gmt":"2026-02-28T10:25:55","guid":{"rendered":"http:\/\/198.46.190.232\/mypara\/?product=clarenia-serum-anti-cernes-eclat-30ml"},"modified":"2026-02-28T11:25:55","modified_gmt":"2026-02-28T10:25:55","slug":"clarenia-serum-anti-cernes-eclat-30ml","status":"publish","type":"product","link":"http:\/\/www.yespara.tn\/?product=clarenia-serum-anti-cernes-eclat-30ml","title":{"rendered":"clarenia serum anti-cernes eclat 30ml"},"content":{"rendered":"","protected":false},"excerpt":{"rendered":"<p>Correcteur anticernes nouvelle g\u00e9n\u00e9ration qui agit en profondeur pour uniformiser les cernes bleus et bruns et comblant de l\u2019int\u00e9rieur les micro-d\u00e9pressions cutan\u00e9es. Type de peaux\u00a0: tous types de peaux<\/p>\n","protected":false},"featured_media":4383,"comment_status":"open","ping_status":"closed","template":"","meta":[],"product_brand":[],"product_cat":[3236],"product_tag":[],"class_list":{"0":"post-4384","1":"product","2":"type-product","3":"status-publish","4":"has-post-thumbnail","6":"product_cat-clarenia-soins-visage-soins-liftant-2","8":"first","9":"instock","10":"taxable","11":"shipping-taxable","12":"product-type-simple"},"_links":{"self":[{"href":"http:\/\/www.yespara.tn\/index.php?rest_route=\/wp\/v2\/product\/4384","targetHints":{"allow":["GET"]}}],"collection":[{"href":"http:\/\/www.yespara.tn\/index.php?rest_route=\/wp\/v2\/product"}],"about":[{"href":"http:\/\/www.yespara.tn\/index.php?rest_route=\/wp\/v2\/types\/product"}],"replies":[{"embeddable":true,"href":"http:\/\/www.yespara.tn\/index.php?rest_route=%2Fwp%2Fv2%2Fcomments&post=4384"}],"wp:featuredmedia":[{"embeddable":true,"href":"http:\/\/www.yespara.tn\/index.php?rest_route=\/wp\/v2\/media\/4383"}],"wp:attachment":[{"href":"http:\/\/www.yespara.tn\/index.php?rest_route=%2Fwp%2Fv2%2Fmedia&parent=4384"}],"wp:term":[{"taxonomy":"product_brand","embeddable":true,"href":"http:\/\/www.yespara.tn\/index.php?rest_route=%2Fwp%2Fv2%2Fproduct_brand&post=4384"},{"taxonomy":"product_cat","embeddable":true,"href":"http:\/\/www.yespara.tn\/index.php?rest_route=%2Fwp%2Fv2%2Fproduct_cat&post=4384"},{"taxonomy":"product_tag","embeddable":true,"href":"http:\/\/www.yespara.tn\/index.php?rest_route=%2Fwp%2Fv2%2Fproduct_tag&post=4384"}],"curies":[{"name":"wp","href":"https:\/\/api.w.org\/{rel}","templated":true}]}}