{"id":4378,"date":"2026-02-28T11:25:51","date_gmt":"2026-02-28T10:25:51","guid":{"rendered":"http:\/\/198.46.190.232\/mypara\/?product=clarenia-hc-20-serum-booster-30ml"},"modified":"2026-02-28T11:25:51","modified_gmt":"2026-02-28T10:25:51","slug":"clarenia-hc-20-serum-booster-30ml","status":"publish","type":"product","link":"http:\/\/www.yespara.tn\/?product=clarenia-hc-20-serum-booster-30ml","title":{"rendered":"clarenia hc 20 serum booster 30ml"},"content":{"rendered":"","protected":false},"excerpt":{"rendered":"<p>Clarenia HC 20 s\u00e9rum Booster est un produit de soin de la peau qui combine les avantages de la\u00a0vitamine C et de l\u2019acide hyaluronique pour offrir une hydratation intense et am\u00e9liorer l\u2019apparence de\u00a0la peau. La vitamine C est un antioxydant puissant qui aide \u00e0 prot\u00e9ger la peau des dommages caus\u00e9s\u00a0par les radicaux libres, tandis que l\u2019acide hyaluronique aide \u00e0 hydrater la peau et \u00e0 am\u00e9liorer sa\u00a0fermet\u00e9 et son \u00e9lasticit\u00e9. Ce s\u00e9rum peut aider \u00e0 am\u00e9liorer l\u2019apparence de la peau en r\u00e9duisant les\u00a0signes de vieillissement et en donnant un teint plus lumineux et plus lumineux.<\/p>\n","protected":false},"featured_media":4377,"comment_status":"open","ping_status":"closed","template":"","meta":[],"product_brand":[],"product_cat":[3235],"product_tag":[],"class_list":{"0":"post-4378","1":"product","2":"type-product","3":"status-publish","4":"has-post-thumbnail","6":"product_cat-clarenia-soins-visage-serums-anti-age","8":"first","9":"instock","10":"taxable","11":"shipping-taxable","12":"product-type-simple"},"_links":{"self":[{"href":"http:\/\/www.yespara.tn\/index.php?rest_route=\/wp\/v2\/product\/4378","targetHints":{"allow":["GET"]}}],"collection":[{"href":"http:\/\/www.yespara.tn\/index.php?rest_route=\/wp\/v2\/product"}],"about":[{"href":"http:\/\/www.yespara.tn\/index.php?rest_route=\/wp\/v2\/types\/product"}],"replies":[{"embeddable":true,"href":"http:\/\/www.yespara.tn\/index.php?rest_route=%2Fwp%2Fv2%2Fcomments&post=4378"}],"wp:featuredmedia":[{"embeddable":true,"href":"http:\/\/www.yespara.tn\/index.php?rest_route=\/wp\/v2\/media\/4377"}],"wp:attachment":[{"href":"http:\/\/www.yespara.tn\/index.php?rest_route=%2Fwp%2Fv2%2Fmedia&parent=4378"}],"wp:term":[{"taxonomy":"product_brand","embeddable":true,"href":"http:\/\/www.yespara.tn\/index.php?rest_route=%2Fwp%2Fv2%2Fproduct_brand&post=4378"},{"taxonomy":"product_cat","embeddable":true,"href":"http:\/\/www.yespara.tn\/index.php?rest_route=%2Fwp%2Fv2%2Fproduct_cat&post=4378"},{"taxonomy":"product_tag","embeddable":true,"href":"http:\/\/www.yespara.tn\/index.php?rest_route=%2Fwp%2Fv2%2Fproduct_tag&post=4378"}],"curies":[{"name":"wp","href":"https:\/\/api.w.org\/{rel}","templated":true}]}}