{"id":4376,"date":"2026-02-28T11:25:50","date_gmt":"2026-02-28T10:25:50","guid":{"rendered":"http:\/\/198.46.190.232\/mypara\/?product=clarenia-hb5-serum-hydra-repulpant-30ml"},"modified":"2026-02-28T11:25:50","modified_gmt":"2026-02-28T10:25:50","slug":"clarenia-hb5-serum-hydra-repulpant-30ml","status":"publish","type":"product","link":"http:\/\/www.yespara.tn\/?product=clarenia-hb5-serum-hydra-repulpant-30ml","title":{"rendered":"clarenia hb5 serum hydra repulpant 30ml"},"content":{"rendered":"","protected":false},"excerpt":{"rendered":"<p>Clarenia HB5 s\u00e9rum intense hydra est un s\u00e9rum de soin de la peau qui contient de l\u2019acide hyaluronique et de la vitamine B5. L\u2019acide hyaluronique aide \u00e0 hydrater la peau en retenant l\u2019eau, ce qui peut am\u00e9liorer l\u2019apparence de la peau s\u00e8che et rid\u00e9e. La vitamine B5, \u00e9galement appel\u00e9e pantoth\u00e9nate de calcium, peut aider \u00e0 apaiser la peau et \u00e0 am\u00e9liorer la r\u00e9tention d\u2019eau. Ensemble, ces ingr\u00e9dients peuvent aider \u00e0 am\u00e9liorer l\u2019apparence et la texture de la peau.<\/p>\n","protected":false},"featured_media":4375,"comment_status":"open","ping_status":"closed","template":"","meta":[],"product_brand":[],"product_cat":[3235],"product_tag":[],"class_list":{"0":"post-4376","1":"product","2":"type-product","3":"status-publish","4":"has-post-thumbnail","6":"product_cat-clarenia-soins-visage-serums-anti-age","8":"first","9":"instock","10":"taxable","11":"shipping-taxable","12":"product-type-simple"},"_links":{"self":[{"href":"http:\/\/www.yespara.tn\/index.php?rest_route=\/wp\/v2\/product\/4376","targetHints":{"allow":["GET"]}}],"collection":[{"href":"http:\/\/www.yespara.tn\/index.php?rest_route=\/wp\/v2\/product"}],"about":[{"href":"http:\/\/www.yespara.tn\/index.php?rest_route=\/wp\/v2\/types\/product"}],"replies":[{"embeddable":true,"href":"http:\/\/www.yespara.tn\/index.php?rest_route=%2Fwp%2Fv2%2Fcomments&post=4376"}],"wp:featuredmedia":[{"embeddable":true,"href":"http:\/\/www.yespara.tn\/index.php?rest_route=\/wp\/v2\/media\/4375"}],"wp:attachment":[{"href":"http:\/\/www.yespara.tn\/index.php?rest_route=%2Fwp%2Fv2%2Fmedia&parent=4376"}],"wp:term":[{"taxonomy":"product_brand","embeddable":true,"href":"http:\/\/www.yespara.tn\/index.php?rest_route=%2Fwp%2Fv2%2Fproduct_brand&post=4376"},{"taxonomy":"product_cat","embeddable":true,"href":"http:\/\/www.yespara.tn\/index.php?rest_route=%2Fwp%2Fv2%2Fproduct_cat&post=4376"},{"taxonomy":"product_tag","embeddable":true,"href":"http:\/\/www.yespara.tn\/index.php?rest_route=%2Fwp%2Fv2%2Fproduct_tag&post=4376"}],"curies":[{"name":"wp","href":"https:\/\/api.w.org\/{rel}","templated":true}]}}