{"id":4374,"date":"2026-02-28T11:25:49","date_gmt":"2026-02-28T10:25:49","guid":{"rendered":"http:\/\/198.46.190.232\/mypara\/?product=clarenia-creme-eclaircissante-renovatrice-spf20-peau-mixte-a-grasse-50ml"},"modified":"2026-02-28T11:25:49","modified_gmt":"2026-02-28T10:25:49","slug":"clarenia-creme-eclaircissante-renovatrice-spf20-peau-mixte-a-grasse-50ml","status":"publish","type":"product","link":"http:\/\/www.yespara.tn\/?product=clarenia-creme-eclaircissante-renovatrice-spf20-peau-mixte-a-grasse-50ml","title":{"rendered":"clarenia creme eclaircissante renovatrice spf20 peau mixte a grasse 50ml"},"content":{"rendered":"","protected":false},"excerpt":{"rendered":"<p>La cr\u00e8me \u00e9claircissante r\u00e9novatrice peau normale a s\u00e8che de la marque Clarenia\u2122 permet de corriger les t\u00e2ches et pr\u00e9venir leur r\u00e9partition, d\u2019hydrater la peau en surface et en profondeur, r\u00e9duire les effets n\u00e9fastes des UV gr\u00e2ce \u00e0 une protection solaire SPF 20 et augmenter les b\u00e9n\u00e9fices des traitements d\u00e9pigmentants.<\/p>\n","protected":false},"featured_media":4373,"comment_status":"open","ping_status":"closed","template":"","meta":[],"product_brand":[],"product_cat":[3234],"product_tag":[],"class_list":{"0":"post-4374","1":"product","2":"type-product","3":"status-publish","4":"has-post-thumbnail","6":"product_cat-clarenia-soins-visage-creme-peau-grasse","8":"first","9":"instock","10":"taxable","11":"shipping-taxable","12":"product-type-simple"},"_links":{"self":[{"href":"http:\/\/www.yespara.tn\/index.php?rest_route=\/wp\/v2\/product\/4374","targetHints":{"allow":["GET"]}}],"collection":[{"href":"http:\/\/www.yespara.tn\/index.php?rest_route=\/wp\/v2\/product"}],"about":[{"href":"http:\/\/www.yespara.tn\/index.php?rest_route=\/wp\/v2\/types\/product"}],"replies":[{"embeddable":true,"href":"http:\/\/www.yespara.tn\/index.php?rest_route=%2Fwp%2Fv2%2Fcomments&post=4374"}],"wp:featuredmedia":[{"embeddable":true,"href":"http:\/\/www.yespara.tn\/index.php?rest_route=\/wp\/v2\/media\/4373"}],"wp:attachment":[{"href":"http:\/\/www.yespara.tn\/index.php?rest_route=%2Fwp%2Fv2%2Fmedia&parent=4374"}],"wp:term":[{"taxonomy":"product_brand","embeddable":true,"href":"http:\/\/www.yespara.tn\/index.php?rest_route=%2Fwp%2Fv2%2Fproduct_brand&post=4374"},{"taxonomy":"product_cat","embeddable":true,"href":"http:\/\/www.yespara.tn\/index.php?rest_route=%2Fwp%2Fv2%2Fproduct_cat&post=4374"},{"taxonomy":"product_tag","embeddable":true,"href":"http:\/\/www.yespara.tn\/index.php?rest_route=%2Fwp%2Fv2%2Fproduct_tag&post=4374"}],"curies":[{"name":"wp","href":"https:\/\/api.w.org\/{rel}","templated":true}]}}