{"id":4354,"date":"2026-02-28T11:25:31","date_gmt":"2026-02-28T10:25:31","guid":{"rendered":"http:\/\/198.46.190.232\/mypara\/?product=ducray-keracnyl-mat-peaux-mixtes-a-grasses-30ml"},"modified":"2026-02-28T11:25:32","modified_gmt":"2026-02-28T10:25:32","slug":"ducray-keracnyl-mat-peaux-mixtes-a-grasses-30ml","status":"publish","type":"product","link":"http:\/\/www.yespara.tn\/?product=ducray-keracnyl-mat-peaux-mixtes-a-grasses-30ml","title":{"rendered":"DUCRAY keracnyl mat peaux mixtes a grasses 30ml"},"content":{"rendered":"","protected":false},"excerpt":{"rendered":"<p>KERACNYL MAT neutralise durablement la brillance, jusqu\u2019\u00e0 12h,\u00a0gr\u00e2ce\u00a0\u00e0 l\u2019association de monolaurine s\u00e9bor\u00e9ductrice et de poudres min\u00e9rales absorbantes. Les pores sont resserr\u00e9s, la peau est plus lisse et le teint plus \u00e9clatant\u00a0gr\u00e2ce \u00e0 l\u2019actif X-PRESSIN.<\/p>\n","protected":false},"featured_media":4353,"comment_status":"open","ping_status":"closed","template":"","meta":[],"product_brand":[],"product_cat":[2237],"product_tag":[],"class_list":{"0":"post-4354","1":"product","2":"type-product","3":"status-publish","4":"has-post-thumbnail","6":"product_cat-ducray-soins-visage-2","8":"first","9":"instock","10":"taxable","11":"shipping-taxable","12":"product-type-simple"},"_links":{"self":[{"href":"http:\/\/www.yespara.tn\/index.php?rest_route=\/wp\/v2\/product\/4354","targetHints":{"allow":["GET"]}}],"collection":[{"href":"http:\/\/www.yespara.tn\/index.php?rest_route=\/wp\/v2\/product"}],"about":[{"href":"http:\/\/www.yespara.tn\/index.php?rest_route=\/wp\/v2\/types\/product"}],"replies":[{"embeddable":true,"href":"http:\/\/www.yespara.tn\/index.php?rest_route=%2Fwp%2Fv2%2Fcomments&post=4354"}],"wp:featuredmedia":[{"embeddable":true,"href":"http:\/\/www.yespara.tn\/index.php?rest_route=\/wp\/v2\/media\/4353"}],"wp:attachment":[{"href":"http:\/\/www.yespara.tn\/index.php?rest_route=%2Fwp%2Fv2%2Fmedia&parent=4354"}],"wp:term":[{"taxonomy":"product_brand","embeddable":true,"href":"http:\/\/www.yespara.tn\/index.php?rest_route=%2Fwp%2Fv2%2Fproduct_brand&post=4354"},{"taxonomy":"product_cat","embeddable":true,"href":"http:\/\/www.yespara.tn\/index.php?rest_route=%2Fwp%2Fv2%2Fproduct_cat&post=4354"},{"taxonomy":"product_tag","embeddable":true,"href":"http:\/\/www.yespara.tn\/index.php?rest_route=%2Fwp%2Fv2%2Fproduct_tag&post=4354"}],"curies":[{"name":"wp","href":"https:\/\/api.w.org\/{rel}","templated":true}]}}