{"id":4352,"date":"2026-02-28T11:25:30","date_gmt":"2026-02-28T10:25:30","guid":{"rendered":"http:\/\/198.46.190.232\/mypara\/?product=ducray-ictyane-stick-hydratant-levres-3g"},"modified":"2026-02-28T11:25:30","modified_gmt":"2026-02-28T10:25:30","slug":"ducray-ictyane-stick-hydratant-levres-3g","status":"publish","type":"product","link":"http:\/\/www.yespara.tn\/?product=ducray-ictyane-stick-hydratant-levres-3g","title":{"rendered":"Ducray Ictyane Stick Hydratant Levres 3g"},"content":{"rendered":"","protected":false},"excerpt":{"rendered":"<p>L\u00e8vres s\u00e8ches et ab\u00eem\u00e9es.<\/p>\n","protected":false},"featured_media":4351,"comment_status":"open","ping_status":"closed","template":"","meta":[],"product_brand":[],"product_cat":[3218],"product_tag":[],"class_list":{"0":"post-4352","1":"product","2":"type-product","3":"status-publish","4":"has-post-thumbnail","6":"product_cat-ducray-sticks-baumes-levres-et-reparateurs","8":"first","9":"instock","10":"taxable","11":"shipping-taxable","12":"product-type-simple"},"_links":{"self":[{"href":"http:\/\/www.yespara.tn\/index.php?rest_route=\/wp\/v2\/product\/4352","targetHints":{"allow":["GET"]}}],"collection":[{"href":"http:\/\/www.yespara.tn\/index.php?rest_route=\/wp\/v2\/product"}],"about":[{"href":"http:\/\/www.yespara.tn\/index.php?rest_route=\/wp\/v2\/types\/product"}],"replies":[{"embeddable":true,"href":"http:\/\/www.yespara.tn\/index.php?rest_route=%2Fwp%2Fv2%2Fcomments&post=4352"}],"wp:featuredmedia":[{"embeddable":true,"href":"http:\/\/www.yespara.tn\/index.php?rest_route=\/wp\/v2\/media\/4351"}],"wp:attachment":[{"href":"http:\/\/www.yespara.tn\/index.php?rest_route=%2Fwp%2Fv2%2Fmedia&parent=4352"}],"wp:term":[{"taxonomy":"product_brand","embeddable":true,"href":"http:\/\/www.yespara.tn\/index.php?rest_route=%2Fwp%2Fv2%2Fproduct_brand&post=4352"},{"taxonomy":"product_cat","embeddable":true,"href":"http:\/\/www.yespara.tn\/index.php?rest_route=%2Fwp%2Fv2%2Fproduct_cat&post=4352"},{"taxonomy":"product_tag","embeddable":true,"href":"http:\/\/www.yespara.tn\/index.php?rest_route=%2Fwp%2Fv2%2Fproduct_tag&post=4352"}],"curies":[{"name":"wp","href":"https:\/\/api.w.org\/{rel}","templated":true}]}}