{"id":4346,"date":"2026-02-28T11:25:27","date_gmt":"2026-02-28T10:25:27","guid":{"rendered":"http:\/\/198.46.190.232\/mypara\/?product=cetaphil-sun-face-fluid-invisible-spf-50-50ml"},"modified":"2026-03-04T14:36:53","modified_gmt":"2026-03-04T13:36:53","slug":"cetaphil-sun-face-fluid-invisible-spf-50-50ml","status":"publish","type":"product","link":"http:\/\/www.yespara.tn\/?product=cetaphil-sun-face-fluid-invisible-spf-50-50ml","title":{"rendered":"Cetaphil Sun Face Fluid Invisible SPF 50+ 50ML"},"content":{"rendered":"","protected":false},"excerpt":{"rendered":"<p>=\u00a0\u00bbproduct-description-short-1170\u2033 class=\u00a0\u00bbproduct-description\u00a0\u00bb> <\/p>\n<div id=\u00a0\u00bbproduct-description-short-9962\u2033 class=\u00a0\u00bbproduct-description\u00a0\u00bb>Cetaphil Sun Face Fluid r\u00e9gulateur est une protection solaire quotidienne pour le visage. Sa texture ultra l\u00e9g\u00e8re matifie la peau et r\u00e9gule la production de s\u00e9bum pour une action anti brillance.<\/p>\n","protected":false},"featured_media":4345,"comment_status":"open","ping_status":"closed","template":"","meta":[],"product_brand":[],"product_cat":[3216],"product_tag":[],"class_list":{"0":"post-4346","1":"product","2":"type-product","3":"status-publish","4":"has-post-thumbnail","6":"product_cat-cetaphil-soins-visage-2","8":"first","9":"instock","10":"sale","11":"taxable","12":"shipping-taxable","13":"purchasable","14":"product-type-simple"},"_links":{"self":[{"href":"http:\/\/www.yespara.tn\/index.php?rest_route=\/wp\/v2\/product\/4346","targetHints":{"allow":["GET"]}}],"collection":[{"href":"http:\/\/www.yespara.tn\/index.php?rest_route=\/wp\/v2\/product"}],"about":[{"href":"http:\/\/www.yespara.tn\/index.php?rest_route=\/wp\/v2\/types\/product"}],"replies":[{"embeddable":true,"href":"http:\/\/www.yespara.tn\/index.php?rest_route=%2Fwp%2Fv2%2Fcomments&post=4346"}],"wp:featuredmedia":[{"embeddable":true,"href":"http:\/\/www.yespara.tn\/index.php?rest_route=\/wp\/v2\/media\/4345"}],"wp:attachment":[{"href":"http:\/\/www.yespara.tn\/index.php?rest_route=%2Fwp%2Fv2%2Fmedia&parent=4346"}],"wp:term":[{"taxonomy":"product_brand","embeddable":true,"href":"http:\/\/www.yespara.tn\/index.php?rest_route=%2Fwp%2Fv2%2Fproduct_brand&post=4346"},{"taxonomy":"product_cat","embeddable":true,"href":"http:\/\/www.yespara.tn\/index.php?rest_route=%2Fwp%2Fv2%2Fproduct_cat&post=4346"},{"taxonomy":"product_tag","embeddable":true,"href":"http:\/\/www.yespara.tn\/index.php?rest_route=%2Fwp%2Fv2%2Fproduct_tag&post=4346"}],"curies":[{"name":"wp","href":"https:\/\/api.w.org\/{rel}","templated":true}]}}