{"id":4322,"date":"2026-02-28T11:25:08","date_gmt":"2026-02-28T10:25:08","guid":{"rendered":"http:\/\/198.46.190.232\/mypara\/?product=dermedic-hydrain-3-gel-nettoyant-200g"},"modified":"2026-03-14T14:05:20","modified_gmt":"2026-03-14T13:05:20","slug":"dermedic-hydrain-3-gel-nettoyant-200g","status":"publish","type":"product","link":"http:\/\/www.yespara.tn\/?product=dermedic-hydrain-3-gel-nettoyant-200g","title":{"rendered":"DERMEDIC hydrain 3 GEL NETTOYANT 200G"},"content":{"rendered":"","protected":false},"excerpt":{"rendered":"<p>\ud83d\udca6 DERMEDIC Hydrain3 Gel Nettoyant \u2013 200ML \ud83c\udf3f \ud83e\uddfc Nettoie en douceur et en profondeur sans agresser la peau. \ud83d\udca7 Pr\u00e9vient le dess\u00e8chement et prot\u00e8ge la barri\u00e8re hydrolipidique. \ud83d\udee1 Hypoallerg\u00e9nique , id\u00e9al pour les peaux sensibles et r\u00e9actives. \ud83c\udf1f B\u00e9n\u00e9fices : \u2714 \u00c9limine impuret\u00e9s, toxines et s\u00e9bum tout en respectant l\u2019\u00e9quilibre cutan\u00e9. \u2714 Hydrate et prot\u00e8ge gr\u00e2ce \u00e0 l\u2019acide hyaluronique et l\u2019huile de macadamia. \u2714 Convient aux peaux intol\u00e9rantes aux nettoyants classiques . \u2714 Ne dess\u00e8che pas et n\u2019irrite pas la peau .<\/p>\n","protected":false},"featured_media":4321,"comment_status":"open","ping_status":"closed","template":"","meta":[],"product_brand":[],"product_cat":[2128,3205],"product_tag":[],"class_list":{"0":"post-4322","1":"product","2":"type-product","3":"status-publish","4":"has-post-thumbnail","6":"product_cat-demaquillants","7":"product_cat-dermedic-soins-visage-gels-nettoyants","9":"first","10":"outofstock","11":"taxable","12":"shipping-taxable","13":"product-type-simple"},"_links":{"self":[{"href":"http:\/\/www.yespara.tn\/index.php?rest_route=\/wp\/v2\/product\/4322","targetHints":{"allow":["GET"]}}],"collection":[{"href":"http:\/\/www.yespara.tn\/index.php?rest_route=\/wp\/v2\/product"}],"about":[{"href":"http:\/\/www.yespara.tn\/index.php?rest_route=\/wp\/v2\/types\/product"}],"replies":[{"embeddable":true,"href":"http:\/\/www.yespara.tn\/index.php?rest_route=%2Fwp%2Fv2%2Fcomments&post=4322"}],"wp:featuredmedia":[{"embeddable":true,"href":"http:\/\/www.yespara.tn\/index.php?rest_route=\/wp\/v2\/media\/4321"}],"wp:attachment":[{"href":"http:\/\/www.yespara.tn\/index.php?rest_route=%2Fwp%2Fv2%2Fmedia&parent=4322"}],"wp:term":[{"taxonomy":"product_brand","embeddable":true,"href":"http:\/\/www.yespara.tn\/index.php?rest_route=%2Fwp%2Fv2%2Fproduct_brand&post=4322"},{"taxonomy":"product_cat","embeddable":true,"href":"http:\/\/www.yespara.tn\/index.php?rest_route=%2Fwp%2Fv2%2Fproduct_cat&post=4322"},{"taxonomy":"product_tag","embeddable":true,"href":"http:\/\/www.yespara.tn\/index.php?rest_route=%2Fwp%2Fv2%2Fproduct_tag&post=4322"}],"curies":[{"name":"wp","href":"https:\/\/api.w.org\/{rel}","templated":true}]}}