{"id":4320,"date":"2026-02-28T11:25:06","date_gmt":"2026-02-28T10:25:06","guid":{"rendered":"http:\/\/198.46.190.232\/mypara\/?product=dermedic-normacne-gel-nettoyant-500ml"},"modified":"2026-02-28T12:44:55","modified_gmt":"2026-02-28T11:44:55","slug":"dermedic-normacne-gel-nettoyant-500ml","status":"publish","type":"product","link":"http:\/\/www.yespara.tn\/?product=dermedic-normacne-gel-nettoyant-500ml","title":{"rendered":"DERMEDIC normacne GEL NETTOYANT 500ml"},"content":{"rendered":"","protected":false},"excerpt":{"rendered":"<p>DERMEDIC NORMACNE Gel Nettoyant pour le nettoyage quotidien des peaux mixtes et grasses sujettes aux l\u00e9sions acn\u00e9iques. \u00c9galement recommand\u00e9 pour laver le dos.<\/p>\n","protected":false},"featured_media":4319,"comment_status":"open","ping_status":"closed","template":"","meta":[],"product_brand":[],"product_cat":[2128,3205],"product_tag":[],"class_list":{"0":"post-4320","1":"product","2":"type-product","3":"status-publish","4":"has-post-thumbnail","6":"product_cat-demaquillants","7":"product_cat-dermedic-soins-visage-gels-nettoyants","9":"first","10":"instock","11":"sale","12":"taxable","13":"shipping-taxable","14":"purchasable","15":"product-type-simple"},"_links":{"self":[{"href":"http:\/\/www.yespara.tn\/index.php?rest_route=\/wp\/v2\/product\/4320","targetHints":{"allow":["GET"]}}],"collection":[{"href":"http:\/\/www.yespara.tn\/index.php?rest_route=\/wp\/v2\/product"}],"about":[{"href":"http:\/\/www.yespara.tn\/index.php?rest_route=\/wp\/v2\/types\/product"}],"replies":[{"embeddable":true,"href":"http:\/\/www.yespara.tn\/index.php?rest_route=%2Fwp%2Fv2%2Fcomments&post=4320"}],"wp:featuredmedia":[{"embeddable":true,"href":"http:\/\/www.yespara.tn\/index.php?rest_route=\/wp\/v2\/media\/4319"}],"wp:attachment":[{"href":"http:\/\/www.yespara.tn\/index.php?rest_route=%2Fwp%2Fv2%2Fmedia&parent=4320"}],"wp:term":[{"taxonomy":"product_brand","embeddable":true,"href":"http:\/\/www.yespara.tn\/index.php?rest_route=%2Fwp%2Fv2%2Fproduct_brand&post=4320"},{"taxonomy":"product_cat","embeddable":true,"href":"http:\/\/www.yespara.tn\/index.php?rest_route=%2Fwp%2Fv2%2Fproduct_cat&post=4320"},{"taxonomy":"product_tag","embeddable":true,"href":"http:\/\/www.yespara.tn\/index.php?rest_route=%2Fwp%2Fv2%2Fproduct_tag&post=4320"}],"curies":[{"name":"wp","href":"https:\/\/api.w.org\/{rel}","templated":true}]}}