{"id":4316,"date":"2026-02-28T11:25:03","date_gmt":"2026-02-28T10:25:03","guid":{"rendered":"http:\/\/198.46.190.232\/mypara\/?product=svr-physiopure-gelee-moussante-400ml-2"},"modified":"2026-03-04T14:56:55","modified_gmt":"2026-03-04T13:56:55","slug":"svr-physiopure-gelee-moussante-400ml-2","status":"publish","type":"product","link":"http:\/\/www.yespara.tn\/?product=svr-physiopure-gelee-moussante-400ml-2","title":{"rendered":"SVR PHYSIOPURE gel\u00e9e moussante 400ML"},"content":{"rendered":"","protected":false},"excerpt":{"rendered":"<p>\u2714 Nettoie et d\u00e9maquille efficacement \ud83e\udee7 : Sa texture gel se transforme en mousse l\u00e9g\u00e8re pour une peau fra\u00eeche et purifi\u00e9e. \u2714 Oxyg\u00e8ne et revitalise \ud83c\udf2c\ufe0f : Le Magn\u00e9sium Oxyg\u00e9nant booste l\u2019\u00e9clat et la vitalit\u00e9 de la peau. \u2714 Respecte l\u2019\u00e9quilibre cutan\u00e9 \ud83c\udf3f : Formule douce sans savon , id\u00e9ale pour les peaux sensibles. \u2714 Hydrate et apaise \ud83d\udca7 : Enrichi en agents hydratants pour \u00e9viter le dess\u00e8chement. \u2714 Texture sensorielle ultra-l\u00e9g\u00e8re \ud83d\udc99 : Laisse la peau douce, fra\u00eeche et non collante.<\/p>\n","protected":false},"featured_media":4315,"comment_status":"open","ping_status":"closed","template":"","meta":[],"product_brand":[],"product_cat":[2128,2409],"product_tag":[],"class_list":{"0":"post-4316","1":"product","2":"type-product","3":"status-publish","4":"has-post-thumbnail","6":"product_cat-demaquillants","7":"product_cat-svr-soins-visage-gels-nettoyants","9":"first","10":"instock","11":"sale","12":"taxable","13":"shipping-taxable","14":"purchasable","15":"product-type-simple"},"_links":{"self":[{"href":"http:\/\/www.yespara.tn\/index.php?rest_route=\/wp\/v2\/product\/4316","targetHints":{"allow":["GET"]}}],"collection":[{"href":"http:\/\/www.yespara.tn\/index.php?rest_route=\/wp\/v2\/product"}],"about":[{"href":"http:\/\/www.yespara.tn\/index.php?rest_route=\/wp\/v2\/types\/product"}],"replies":[{"embeddable":true,"href":"http:\/\/www.yespara.tn\/index.php?rest_route=%2Fwp%2Fv2%2Fcomments&post=4316"}],"wp:featuredmedia":[{"embeddable":true,"href":"http:\/\/www.yespara.tn\/index.php?rest_route=\/wp\/v2\/media\/4315"}],"wp:attachment":[{"href":"http:\/\/www.yespara.tn\/index.php?rest_route=%2Fwp%2Fv2%2Fmedia&parent=4316"}],"wp:term":[{"taxonomy":"product_brand","embeddable":true,"href":"http:\/\/www.yespara.tn\/index.php?rest_route=%2Fwp%2Fv2%2Fproduct_brand&post=4316"},{"taxonomy":"product_cat","embeddable":true,"href":"http:\/\/www.yespara.tn\/index.php?rest_route=%2Fwp%2Fv2%2Fproduct_cat&post=4316"},{"taxonomy":"product_tag","embeddable":true,"href":"http:\/\/www.yespara.tn\/index.php?rest_route=%2Fwp%2Fv2%2Fproduct_tag&post=4316"}],"curies":[{"name":"wp","href":"https:\/\/api.w.org\/{rel}","templated":true}]}}