{"id":4298,"date":"2026-02-28T11:24:44","date_gmt":"2026-02-28T10:24:44","guid":{"rendered":"http:\/\/198.46.190.232\/mypara\/?product=svr-sebiaclear-micro-peel-fl150ml"},"modified":"2026-02-28T12:44:55","modified_gmt":"2026-02-28T11:44:55","slug":"svr-sebiaclear-micro-peel-fl150ml","status":"publish","type":"product","link":"http:\/\/www.yespara.tn\/?product=svr-sebiaclear-micro-peel-fl150ml","title":{"rendered":"SVR sebiaclear MICRO-PEEL fl150ml"},"content":{"rendered":"","protected":false},"excerpt":{"rendered":"<p>Id\u00e9ale pour les peaux sensibles \u00e0 tendance acn\u00e9ique, cette eau active hautement concentr\u00e9e purifie, d\u00e9sincruste les pores et \u00e9limine les imperfections sans d\u00e9ss\u00e9cher la peau. Elle est imm\u00e9diatement plus nette, les pores sont resserr\u00e9s, le grain de peau est liss\u00e9.\u00a0 La texture est ultra-fra\u00eeche et offre une sensation de peau propre apr\u00e8s application.<\/p>\n","protected":false},"featured_media":4297,"comment_status":"open","ping_status":"closed","template":"","meta":[],"product_brand":[],"product_cat":[2128,2170,3197],"product_tag":[],"class_list":{"0":"post-4298","1":"product","2":"type-product","3":"status-publish","4":"has-post-thumbnail","6":"product_cat-demaquillants","7":"product_cat-eau-tonique","8":"product_cat-svr-soins-visage-lotion","10":"first","11":"instock","12":"sale","13":"taxable","14":"shipping-taxable","15":"purchasable","16":"product-type-simple"},"_links":{"self":[{"href":"http:\/\/www.yespara.tn\/index.php?rest_route=\/wp\/v2\/product\/4298","targetHints":{"allow":["GET"]}}],"collection":[{"href":"http:\/\/www.yespara.tn\/index.php?rest_route=\/wp\/v2\/product"}],"about":[{"href":"http:\/\/www.yespara.tn\/index.php?rest_route=\/wp\/v2\/types\/product"}],"replies":[{"embeddable":true,"href":"http:\/\/www.yespara.tn\/index.php?rest_route=%2Fwp%2Fv2%2Fcomments&post=4298"}],"wp:featuredmedia":[{"embeddable":true,"href":"http:\/\/www.yespara.tn\/index.php?rest_route=\/wp\/v2\/media\/4297"}],"wp:attachment":[{"href":"http:\/\/www.yespara.tn\/index.php?rest_route=%2Fwp%2Fv2%2Fmedia&parent=4298"}],"wp:term":[{"taxonomy":"product_brand","embeddable":true,"href":"http:\/\/www.yespara.tn\/index.php?rest_route=%2Fwp%2Fv2%2Fproduct_brand&post=4298"},{"taxonomy":"product_cat","embeddable":true,"href":"http:\/\/www.yespara.tn\/index.php?rest_route=%2Fwp%2Fv2%2Fproduct_cat&post=4298"},{"taxonomy":"product_tag","embeddable":true,"href":"http:\/\/www.yespara.tn\/index.php?rest_route=%2Fwp%2Fv2%2Fproduct_tag&post=4298"}],"curies":[{"name":"wp","href":"https:\/\/api.w.org\/{rel}","templated":true}]}}