{"id":4290,"date":"2026-02-28T11:24:39","date_gmt":"2026-02-28T10:24:39","guid":{"rendered":"http:\/\/198.46.190.232\/mypara\/?product=uriage-eau-thermale-spray-300ml-2"},"modified":"2026-02-28T12:44:55","modified_gmt":"2026-02-28T11:44:55","slug":"uriage-eau-thermale-spray-300ml-2","status":"publish","type":"product","link":"http:\/\/www.yespara.tn\/?product=uriage-eau-thermale-spray-300ml-2","title":{"rendered":"uriage eau thermale spray 300ml"},"content":{"rendered":"","protected":false},"excerpt":{"rendered":"<p>Le spray d\u2019Eau Thermale, c\u2019est l\u2019eau de soin id\u00e9al pour une cure d\u2019oligo-\u00e9l\u00e9ments et de sels min\u00e9raux au quotidien quel que soit le moment, quel que soit le besoin. Pour votre trousse \u00ab\u00a0soleil\u00a0\u00bb.<\/p>\n","protected":false},"featured_media":4289,"comment_status":"open","ping_status":"closed","template":"","meta":[],"product_brand":[],"product_cat":[3193],"product_tag":[],"class_list":{"0":"post-4290","1":"product","2":"type-product","3":"status-publish","4":"has-post-thumbnail","6":"product_cat-uriage-soins-visage-eaux-thermales-2","8":"first","9":"instock","10":"sale","11":"taxable","12":"shipping-taxable","13":"purchasable","14":"product-type-simple"},"_links":{"self":[{"href":"http:\/\/www.yespara.tn\/index.php?rest_route=\/wp\/v2\/product\/4290","targetHints":{"allow":["GET"]}}],"collection":[{"href":"http:\/\/www.yespara.tn\/index.php?rest_route=\/wp\/v2\/product"}],"about":[{"href":"http:\/\/www.yespara.tn\/index.php?rest_route=\/wp\/v2\/types\/product"}],"replies":[{"embeddable":true,"href":"http:\/\/www.yespara.tn\/index.php?rest_route=%2Fwp%2Fv2%2Fcomments&post=4290"}],"wp:featuredmedia":[{"embeddable":true,"href":"http:\/\/www.yespara.tn\/index.php?rest_route=\/wp\/v2\/media\/4289"}],"wp:attachment":[{"href":"http:\/\/www.yespara.tn\/index.php?rest_route=%2Fwp%2Fv2%2Fmedia&parent=4290"}],"wp:term":[{"taxonomy":"product_brand","embeddable":true,"href":"http:\/\/www.yespara.tn\/index.php?rest_route=%2Fwp%2Fv2%2Fproduct_brand&post=4290"},{"taxonomy":"product_cat","embeddable":true,"href":"http:\/\/www.yespara.tn\/index.php?rest_route=%2Fwp%2Fv2%2Fproduct_cat&post=4290"},{"taxonomy":"product_tag","embeddable":true,"href":"http:\/\/www.yespara.tn\/index.php?rest_route=%2Fwp%2Fv2%2Fproduct_tag&post=4290"}],"curies":[{"name":"wp","href":"https:\/\/api.w.org\/{rel}","templated":true}]}}