{"id":4260,"date":"2026-02-28T11:24:13","date_gmt":"2026-02-28T10:24:13","guid":{"rendered":"http:\/\/198.46.190.232\/mypara\/?product=avene-cleanance-hydra-creme-apaisante-40ml-2"},"modified":"2026-02-28T11:24:13","modified_gmt":"2026-02-28T10:24:13","slug":"avene-cleanance-hydra-creme-apaisante-40ml-2","status":"publish","type":"product","link":"http:\/\/www.yespara.tn\/?product=avene-cleanance-hydra-creme-apaisante-40ml-2","title":{"rendered":"Avene Cleanance Hydra Cr\u00e8me Apaisante 40ml"},"content":{"rendered":"","protected":false},"excerpt":{"rendered":"<p>Soin apaisant relipidant qui restaure le confort cutan\u00e9 des peaux dess\u00e9ch\u00e9es et irrit\u00e9es par un traitement m\u00e9dicamenteux anti-acn\u00e9ique. Avec sa texture non grasse, ce soin apaise les irritations. Hydratant, nourrissant, apaisant<\/p>\n","protected":false},"featured_media":4259,"comment_status":"open","ping_status":"closed","template":"","meta":[],"product_brand":[],"product_cat":[3179],"product_tag":[],"class_list":{"0":"post-4260","1":"product","2":"type-product","3":"status-publish","4":"has-post-thumbnail","6":"product_cat-avene-soins-visage-soins-hydratants-et-nourrissants","8":"first","9":"instock","10":"taxable","11":"shipping-taxable","12":"product-type-simple"},"_links":{"self":[{"href":"http:\/\/www.yespara.tn\/index.php?rest_route=\/wp\/v2\/product\/4260","targetHints":{"allow":["GET"]}}],"collection":[{"href":"http:\/\/www.yespara.tn\/index.php?rest_route=\/wp\/v2\/product"}],"about":[{"href":"http:\/\/www.yespara.tn\/index.php?rest_route=\/wp\/v2\/types\/product"}],"replies":[{"embeddable":true,"href":"http:\/\/www.yespara.tn\/index.php?rest_route=%2Fwp%2Fv2%2Fcomments&post=4260"}],"wp:featuredmedia":[{"embeddable":true,"href":"http:\/\/www.yespara.tn\/index.php?rest_route=\/wp\/v2\/media\/4259"}],"wp:attachment":[{"href":"http:\/\/www.yespara.tn\/index.php?rest_route=%2Fwp%2Fv2%2Fmedia&parent=4260"}],"wp:term":[{"taxonomy":"product_brand","embeddable":true,"href":"http:\/\/www.yespara.tn\/index.php?rest_route=%2Fwp%2Fv2%2Fproduct_brand&post=4260"},{"taxonomy":"product_cat","embeddable":true,"href":"http:\/\/www.yespara.tn\/index.php?rest_route=%2Fwp%2Fv2%2Fproduct_cat&post=4260"},{"taxonomy":"product_tag","embeddable":true,"href":"http:\/\/www.yespara.tn\/index.php?rest_route=%2Fwp%2Fv2%2Fproduct_tag&post=4260"}],"curies":[{"name":"wp","href":"https:\/\/api.w.org\/{rel}","templated":true}]}}