{"id":4252,"date":"2026-02-28T11:24:06","date_gmt":"2026-02-28T10:24:06","guid":{"rendered":"http:\/\/198.46.190.232\/mypara\/?product=svr-topialyse-gel-lavant-flacon-pompe-1l"},"modified":"2026-03-04T14:58:17","modified_gmt":"2026-03-04T13:58:17","slug":"svr-topialyse-gel-lavant-flacon-pompe-1l","status":"publish","type":"product","link":"http:\/\/www.yespara.tn\/?product=svr-topialyse-gel-lavant-flacon-pompe-1l","title":{"rendered":"SVR topialyse GEL LAVANT flacon pompe 1L"},"content":{"rendered":"","protected":false},"excerpt":{"rendered":"<p>\ud83c\udf3f TOPIALYSE GEL LAVANT nettoie en douceur et prot\u00e8ge les peaux sensibles et s\u00e8ches de toute la famille, de la t\u00eate aux pieds. \ud83d\udc68\u200d\ud83d\udc69\u200d\ud83d\udc67\u200d\ud83d\udc66<\/p>\n","protected":false},"featured_media":4251,"comment_status":"open","ping_status":"closed","template":"","meta":[],"product_brand":[],"product_cat":[2128,2409],"product_tag":[],"class_list":{"0":"post-4252","1":"product","2":"type-product","3":"status-publish","4":"has-post-thumbnail","6":"product_cat-demaquillants","7":"product_cat-svr-soins-visage-gels-nettoyants","9":"first","10":"instock","11":"sale","12":"taxable","13":"shipping-taxable","14":"purchasable","15":"product-type-simple"},"_links":{"self":[{"href":"http:\/\/www.yespara.tn\/index.php?rest_route=\/wp\/v2\/product\/4252","targetHints":{"allow":["GET"]}}],"collection":[{"href":"http:\/\/www.yespara.tn\/index.php?rest_route=\/wp\/v2\/product"}],"about":[{"href":"http:\/\/www.yespara.tn\/index.php?rest_route=\/wp\/v2\/types\/product"}],"replies":[{"embeddable":true,"href":"http:\/\/www.yespara.tn\/index.php?rest_route=%2Fwp%2Fv2%2Fcomments&post=4252"}],"wp:featuredmedia":[{"embeddable":true,"href":"http:\/\/www.yespara.tn\/index.php?rest_route=\/wp\/v2\/media\/4251"}],"wp:attachment":[{"href":"http:\/\/www.yespara.tn\/index.php?rest_route=%2Fwp%2Fv2%2Fmedia&parent=4252"}],"wp:term":[{"taxonomy":"product_brand","embeddable":true,"href":"http:\/\/www.yespara.tn\/index.php?rest_route=%2Fwp%2Fv2%2Fproduct_brand&post=4252"},{"taxonomy":"product_cat","embeddable":true,"href":"http:\/\/www.yespara.tn\/index.php?rest_route=%2Fwp%2Fv2%2Fproduct_cat&post=4252"},{"taxonomy":"product_tag","embeddable":true,"href":"http:\/\/www.yespara.tn\/index.php?rest_route=%2Fwp%2Fv2%2Fproduct_tag&post=4252"}],"curies":[{"name":"wp","href":"https:\/\/api.w.org\/{rel}","templated":true}]}}