{"id":4228,"date":"2026-02-28T11:23:47","date_gmt":"2026-02-28T10:23:47","guid":{"rendered":"http:\/\/198.46.190.232\/mypara\/?product=svr-sebiaclear-creme-spf50-solaire-matifiante-40ml"},"modified":"2026-03-04T15:02:22","modified_gmt":"2026-03-04T14:02:22","slug":"svr-sebiaclear-creme-spf50-solaire-matifiante-40ml","status":"publish","type":"product","link":"http:\/\/www.yespara.tn\/?product=svr-sebiaclear-creme-spf50-solaire-matifiante-40ml","title":{"rendered":"SVR Sebiaclear Creme SPF50 Solaire Matifiante 40ml"},"content":{"rendered":"","protected":false},"excerpt":{"rendered":"<p>Sebiaclear Cr\u00e8me SPF50+ prot\u00e8ge et corrige les peaux grasses \u00e0 imperfections. Matifiante, elle pr\u00e9vient l\u2019effet rebond li\u00e9 \u00e0 l\u2019exposition UV pour \u00e9viter imperfections et marques.<\/p>\n","protected":false},"featured_media":4227,"comment_status":"open","ping_status":"closed","template":"","meta":[],"product_brand":[],"product_cat":[3169],"product_tag":[],"class_list":{"0":"post-4228","1":"product","2":"type-product","3":"status-publish","4":"has-post-thumbnail","6":"product_cat-svr-soins-hydratants-et-nourrissants-2","8":"first","9":"instock","10":"sale","11":"taxable","12":"shipping-taxable","13":"purchasable","14":"product-type-simple"},"_links":{"self":[{"href":"http:\/\/www.yespara.tn\/index.php?rest_route=\/wp\/v2\/product\/4228","targetHints":{"allow":["GET"]}}],"collection":[{"href":"http:\/\/www.yespara.tn\/index.php?rest_route=\/wp\/v2\/product"}],"about":[{"href":"http:\/\/www.yespara.tn\/index.php?rest_route=\/wp\/v2\/types\/product"}],"replies":[{"embeddable":true,"href":"http:\/\/www.yespara.tn\/index.php?rest_route=%2Fwp%2Fv2%2Fcomments&post=4228"}],"wp:featuredmedia":[{"embeddable":true,"href":"http:\/\/www.yespara.tn\/index.php?rest_route=\/wp\/v2\/media\/4227"}],"wp:attachment":[{"href":"http:\/\/www.yespara.tn\/index.php?rest_route=%2Fwp%2Fv2%2Fmedia&parent=4228"}],"wp:term":[{"taxonomy":"product_brand","embeddable":true,"href":"http:\/\/www.yespara.tn\/index.php?rest_route=%2Fwp%2Fv2%2Fproduct_brand&post=4228"},{"taxonomy":"product_cat","embeddable":true,"href":"http:\/\/www.yespara.tn\/index.php?rest_route=%2Fwp%2Fv2%2Fproduct_cat&post=4228"},{"taxonomy":"product_tag","embeddable":true,"href":"http:\/\/www.yespara.tn\/index.php?rest_route=%2Fwp%2Fv2%2Fproduct_tag&post=4228"}],"curies":[{"name":"wp","href":"https:\/\/api.w.org\/{rel}","templated":true}]}}