{"id":4226,"date":"2026-02-28T11:23:46","date_gmt":"2026-02-28T10:23:46","guid":{"rendered":"http:\/\/198.46.190.232\/mypara\/?product=svr-sun-secure-creme-spf-50-50ml-date-04-2026"},"modified":"2026-03-04T15:04:48","modified_gmt":"2026-03-04T14:04:48","slug":"svr-sun-secure-creme-spf-50-50ml","status":"publish","type":"product","link":"http:\/\/www.yespara.tn\/?product=svr-sun-secure-creme-spf-50-50ml","title":{"rendered":"SVR Sun Secure Cr\u00e8me SPF 50+ 50ml"},"content":{"rendered":"","protected":false},"excerpt":{"rendered":"<p>SUN SECURE Cr\u00e8me SPF50+ est une cr\u00e8me confort au fini invisible et au toucher non gras, Elle est\u00a0adapt\u00e9e aux peaux normales \u00e0 s\u00e8ches.<\/p>\n","protected":false},"featured_media":4225,"comment_status":"open","ping_status":"closed","template":"","meta":[],"product_brand":[],"product_cat":[3166],"product_tag":[2718,3167,3168],"class_list":{"0":"post-4226","1":"product","2":"type-product","3":"status-publish","4":"has-post-thumbnail","6":"product_cat-svr-ventes-flash-references-gels-nettoyants-cremes-solaires","7":"product_tag-creme","8":"product_tag-sun-secure","9":"product_tag-svr","11":"first","12":"instock","13":"taxable","14":"shipping-taxable","15":"purchasable","16":"product-type-simple"},"_links":{"self":[{"href":"http:\/\/www.yespara.tn\/index.php?rest_route=\/wp\/v2\/product\/4226","targetHints":{"allow":["GET"]}}],"collection":[{"href":"http:\/\/www.yespara.tn\/index.php?rest_route=\/wp\/v2\/product"}],"about":[{"href":"http:\/\/www.yespara.tn\/index.php?rest_route=\/wp\/v2\/types\/product"}],"replies":[{"embeddable":true,"href":"http:\/\/www.yespara.tn\/index.php?rest_route=%2Fwp%2Fv2%2Fcomments&post=4226"}],"wp:featuredmedia":[{"embeddable":true,"href":"http:\/\/www.yespara.tn\/index.php?rest_route=\/wp\/v2\/media\/4225"}],"wp:attachment":[{"href":"http:\/\/www.yespara.tn\/index.php?rest_route=%2Fwp%2Fv2%2Fmedia&parent=4226"}],"wp:term":[{"taxonomy":"product_brand","embeddable":true,"href":"http:\/\/www.yespara.tn\/index.php?rest_route=%2Fwp%2Fv2%2Fproduct_brand&post=4226"},{"taxonomy":"product_cat","embeddable":true,"href":"http:\/\/www.yespara.tn\/index.php?rest_route=%2Fwp%2Fv2%2Fproduct_cat&post=4226"},{"taxonomy":"product_tag","embeddable":true,"href":"http:\/\/www.yespara.tn\/index.php?rest_route=%2Fwp%2Fv2%2Fproduct_tag&post=4226"}],"curies":[{"name":"wp","href":"https:\/\/api.w.org\/{rel}","templated":true}]}}