{"id":4222,"date":"2026-02-28T11:23:43","date_gmt":"2026-02-28T10:23:43","guid":{"rendered":"http:\/\/198.46.190.232\/mypara\/?product=phyteal-ecran-solaire-invisible-spf50-50-ml"},"modified":"2026-03-04T15:05:52","modified_gmt":"2026-03-04T14:05:52","slug":"phyteal-ecran-solaire-invisible-spf50-50-ml","status":"publish","type":"product","link":"http:\/\/www.yespara.tn\/?product=phyteal-ecran-solaire-invisible-spf50-50-ml","title":{"rendered":"Phyteal \u00c9cran Solaire Invisible SPF50 50 ml"},"content":{"rendered":"","protected":false},"excerpt":{"rendered":"<p>Le Phyteal \u00c9cran Solaire Invisible SPF50 50 ml (R\u00e9f\u00e9rence produit : MSPHT0005 ) est un \u00e9cran solaire invisible 2 en 1, sp\u00e9cialement adapt\u00e9 pour le visage, le d\u00e9collet\u00e9 et les mains. Il offre une protection solaire \u00e9lev\u00e9e SPF50 gr\u00e2ce \u00e0 des filtres solaires min\u00e9raux naturels, tout en hydratant la peau. Sa formule hypoallerg\u00e9nique, non com\u00e9dog\u00e8ne et sans colorants convient \u00e0 toute la famille, y compris aux b\u00e9b\u00e9s, enfants, adultes et femmes enceintes.<\/p>\n","protected":false},"featured_media":4221,"comment_status":"open","ping_status":"closed","template":"","meta":[],"product_brand":[],"product_cat":[2999],"product_tag":[],"class_list":{"0":"post-4222","1":"product","2":"type-product","3":"status-publish","4":"has-post-thumbnail","6":"product_cat-phyteal-soins-visage-2","8":"first","9":"instock","10":"sale","11":"taxable","12":"shipping-taxable","13":"purchasable","14":"product-type-simple"},"_links":{"self":[{"href":"http:\/\/www.yespara.tn\/index.php?rest_route=\/wp\/v2\/product\/4222","targetHints":{"allow":["GET"]}}],"collection":[{"href":"http:\/\/www.yespara.tn\/index.php?rest_route=\/wp\/v2\/product"}],"about":[{"href":"http:\/\/www.yespara.tn\/index.php?rest_route=\/wp\/v2\/types\/product"}],"replies":[{"embeddable":true,"href":"http:\/\/www.yespara.tn\/index.php?rest_route=%2Fwp%2Fv2%2Fcomments&post=4222"}],"wp:featuredmedia":[{"embeddable":true,"href":"http:\/\/www.yespara.tn\/index.php?rest_route=\/wp\/v2\/media\/4221"}],"wp:attachment":[{"href":"http:\/\/www.yespara.tn\/index.php?rest_route=%2Fwp%2Fv2%2Fmedia&parent=4222"}],"wp:term":[{"taxonomy":"product_brand","embeddable":true,"href":"http:\/\/www.yespara.tn\/index.php?rest_route=%2Fwp%2Fv2%2Fproduct_brand&post=4222"},{"taxonomy":"product_cat","embeddable":true,"href":"http:\/\/www.yespara.tn\/index.php?rest_route=%2Fwp%2Fv2%2Fproduct_cat&post=4222"},{"taxonomy":"product_tag","embeddable":true,"href":"http:\/\/www.yespara.tn\/index.php?rest_route=%2Fwp%2Fv2%2Fproduct_tag&post=4222"}],"curies":[{"name":"wp","href":"https:\/\/api.w.org\/{rel}","templated":true}]}}