{"id":4216,"date":"2026-02-28T11:23:35","date_gmt":"2026-02-28T10:23:35","guid":{"rendered":"http:\/\/198.46.190.232\/mypara\/?product=phyteal-atopicreme-creme-hydratante-100ml"},"modified":"2026-03-04T15:06:35","modified_gmt":"2026-03-04T14:06:35","slug":"phyteal-atopicreme-creme-hydratante-100ml","status":"publish","type":"product","link":"http:\/\/www.yespara.tn\/?product=phyteal-atopicreme-creme-hydratante-100ml","title":{"rendered":"PHYTEAL atopicreme CREME HYDRATANTE 100ML"},"content":{"rendered":"","protected":false},"excerpt":{"rendered":"<p>\ud83e\uddf4\u2728 Phyteal Atopicreme Hydratante \u2013 Soin intense pour peaux s\u00e8ches et atopiques \ud83d\udca7 Hydratation profonde : Apaise et nourrit les peaux s\u00e8ches \u00e0 tr\u00e8s s\u00e8ches. \ud83c\udf3f Actifs naturels : Enrichie en huile de bourrache et huile de ricin pour une action r\u00e9paratrice et apaisante. \ud83d\udeab Formule douce : Sans parab\u00e8ne, sans parfum, avec nano\u00e9mulsion pour une absorption optimale. \ud83d\udd90\ufe0f Zones d\u2019application : Visage &#038; corps.<\/p>\n","protected":false},"featured_media":4215,"comment_status":"open","ping_status":"closed","template":"","meta":[],"product_brand":[],"product_cat":[3158],"product_tag":[],"class_list":{"0":"post-4216","1":"product","2":"type-product","3":"status-publish","4":"has-post-thumbnail","6":"product_cat-phyteal-soins-visage-soins-hydratants-et-nourrissants-2","8":"first","9":"instock","10":"sale","11":"taxable","12":"shipping-taxable","13":"purchasable","14":"product-type-simple"},"_links":{"self":[{"href":"http:\/\/www.yespara.tn\/index.php?rest_route=\/wp\/v2\/product\/4216","targetHints":{"allow":["GET"]}}],"collection":[{"href":"http:\/\/www.yespara.tn\/index.php?rest_route=\/wp\/v2\/product"}],"about":[{"href":"http:\/\/www.yespara.tn\/index.php?rest_route=\/wp\/v2\/types\/product"}],"replies":[{"embeddable":true,"href":"http:\/\/www.yespara.tn\/index.php?rest_route=%2Fwp%2Fv2%2Fcomments&post=4216"}],"wp:featuredmedia":[{"embeddable":true,"href":"http:\/\/www.yespara.tn\/index.php?rest_route=\/wp\/v2\/media\/4215"}],"wp:attachment":[{"href":"http:\/\/www.yespara.tn\/index.php?rest_route=%2Fwp%2Fv2%2Fmedia&parent=4216"}],"wp:term":[{"taxonomy":"product_brand","embeddable":true,"href":"http:\/\/www.yespara.tn\/index.php?rest_route=%2Fwp%2Fv2%2Fproduct_brand&post=4216"},{"taxonomy":"product_cat","embeddable":true,"href":"http:\/\/www.yespara.tn\/index.php?rest_route=%2Fwp%2Fv2%2Fproduct_cat&post=4216"},{"taxonomy":"product_tag","embeddable":true,"href":"http:\/\/www.yespara.tn\/index.php?rest_route=%2Fwp%2Fv2%2Fproduct_tag&post=4216"}],"curies":[{"name":"wp","href":"https:\/\/api.w.org\/{rel}","templated":true}]}}