{"id":4212,"date":"2026-02-28T11:23:33","date_gmt":"2026-02-28T10:23:33","guid":{"rendered":"http:\/\/198.46.190.232\/mypara\/?product=dermacare-cicatreat-zn-creme-50ml"},"modified":"2026-02-28T11:23:33","modified_gmt":"2026-02-28T10:23:33","slug":"dermacare-cicatreat-zn-creme-50ml","status":"publish","type":"product","link":"http:\/\/www.yespara.tn\/?product=dermacare-cicatreat-zn-creme-50ml","title":{"rendered":"dermacare cicatreat zn creme 50ml"},"content":{"rendered":"","protected":false},"excerpt":{"rendered":"<p>Cica-Treat est une cr\u00e8me protectrice et cicatrisante nouvelle g\u00e9n\u00e9ration, \u00e0 base de Matrikines et D-Panthenol. Elle prot\u00e8ge la plaie des agressions ext\u00e9rieures, dont les micro-organismes, et la laisse respirer pour favoriser la cicatrisation. Une cr\u00e8me pour les br\u00fblures et les plaies. Utile\u00a0dans le quotidien et pour toute la famille. Contenance: 50 ml<\/p>\n","protected":false},"featured_media":4211,"comment_status":"open","ping_status":"closed","template":"","meta":[],"product_brand":[],"product_cat":[3155],"product_tag":[],"class_list":{"0":"post-4212","1":"product","2":"type-product","3":"status-publish","4":"has-post-thumbnail","6":"product_cat-dermacare-soins-visage-2","8":"first","9":"instock","10":"taxable","11":"shipping-taxable","12":"product-type-simple"},"_links":{"self":[{"href":"http:\/\/www.yespara.tn\/index.php?rest_route=\/wp\/v2\/product\/4212","targetHints":{"allow":["GET"]}}],"collection":[{"href":"http:\/\/www.yespara.tn\/index.php?rest_route=\/wp\/v2\/product"}],"about":[{"href":"http:\/\/www.yespara.tn\/index.php?rest_route=\/wp\/v2\/types\/product"}],"replies":[{"embeddable":true,"href":"http:\/\/www.yespara.tn\/index.php?rest_route=%2Fwp%2Fv2%2Fcomments&post=4212"}],"wp:featuredmedia":[{"embeddable":true,"href":"http:\/\/www.yespara.tn\/index.php?rest_route=\/wp\/v2\/media\/4211"}],"wp:attachment":[{"href":"http:\/\/www.yespara.tn\/index.php?rest_route=%2Fwp%2Fv2%2Fmedia&parent=4212"}],"wp:term":[{"taxonomy":"product_brand","embeddable":true,"href":"http:\/\/www.yespara.tn\/index.php?rest_route=%2Fwp%2Fv2%2Fproduct_brand&post=4212"},{"taxonomy":"product_cat","embeddable":true,"href":"http:\/\/www.yespara.tn\/index.php?rest_route=%2Fwp%2Fv2%2Fproduct_cat&post=4212"},{"taxonomy":"product_tag","embeddable":true,"href":"http:\/\/www.yespara.tn\/index.php?rest_route=%2Fwp%2Fv2%2Fproduct_tag&post=4212"}],"curies":[{"name":"wp","href":"https:\/\/api.w.org\/{rel}","templated":true}]}}